{"id":35130,"date":"2024-12-26T17:40:06","date_gmt":"2024-12-26T16:40:06","guid":{"rendered":"https:\/\/www.atta45.se\/e-butik\/?post_type=product&#038;p=35130"},"modified":"2025-10-27T22:20:10","modified_gmt":"2025-10-27T21:20:10","slug":"grillset-de-luxe","status":"publish","type":"product","link":"https:\/\/www.atta45.se\/e-butik\/produkt\/grillset-de-luxe\/","title":{"rendered":"Grillset i rostfritt st\u00e5l &#8221;de luxe&#8221;"},"content":{"rendered":"<p>Grillset &#8217;de luxe&#8217; i rostfritt st\u00e5l, 19 delar. Allt f\u00f6rpackat i en snygg v\u00e4ska av aluminium.<\/p>\n","protected":false},"excerpt":{"rendered":"<p>Grillset &#8217;de luxe&#8217; i rostfritt st\u00e5l, 19 delar. Allt f\u00f6rpackat i en snygg v\u00e4ska av aluminium.<\/p>\n","protected":false},"featured_media":35131,"template":"","meta":{"_acf_changed":false,"_seopress_robots_primary_cat":"","_seopress_titles_title":"","_seopress_titles_desc":"","_seopress_robots_index":""},"product_brand":[],"product_cat":[15],"product_tag":[],"class_list":{"0":"post-35130","1":"product","2":"type-product","3":"status-publish","4":"has-post-thumbnail","6":"product_cat-okategoriserad","7":"atta45_taxonomy-tema-inspiration-ogonblick-arsslut-sv","8":"atta45_taxonomy-fritid-sv","9":"atta45_taxonomy-fritid-grilltillbehor-sv","10":"atta45_taxonomy-hem-hushall-koksartiklar-sv","11":"atta45_taxonomy-tema-inspiration-speciella-trycktekniker-name-it-sv","12":"atta45_taxonomy-tema-inspiration-sasong-sv","13":"atta45_taxonomy-tema-inspiration-sasong-sommar-sv","14":"atta45_taxonomy-tema-inspiration-ogonblick-sommargladje-sv","15":"atta45_taxonomy-tema-inspiration-sv","16":"atta45_taxonomy-tema-inspiration-sasong-var-sv","18":"first","19":"instock","20":"taxable","21":"shipping-taxable","22":"purchasable","23":"product-type-variable"},"acf":[],"_links":{"self":[{"href":"https:\/\/www.atta45.se\/e-butik\/wp-json\/wp\/v2\/product\/35130","targetHints":{"allow":["GET"]}}],"collection":[{"href":"https:\/\/www.atta45.se\/e-butik\/wp-json\/wp\/v2\/product"}],"about":[{"href":"https:\/\/www.atta45.se\/e-butik\/wp-json\/wp\/v2\/types\/product"}],"wp:featuredmedia":[{"embeddable":true,"href":"https:\/\/www.atta45.se\/e-butik\/wp-json\/wp\/v2\/media\/35131"}],"wp:attachment":[{"href":"https:\/\/www.atta45.se\/e-butik\/wp-json\/wp\/v2\/media?parent=35130"}],"wp:term":[{"taxonomy":"product_brand","embeddable":true,"href":"https:\/\/www.atta45.se\/e-butik\/wp-json\/wp\/v2\/product_brand?post=35130"},{"taxonomy":"product_cat","embeddable":true,"href":"https:\/\/www.atta45.se\/e-butik\/wp-json\/wp\/v2\/product_cat?post=35130"},{"taxonomy":"product_tag","embeddable":true,"href":"https:\/\/www.atta45.se\/e-butik\/wp-json\/wp\/v2\/product_tag?post=35130"}],"curies":[{"name":"wp","href":"https:\/\/api.w.org\/{rel}","templated":true}]}}