{"id":35084,"date":"2024-12-26T17:39:46","date_gmt":"2024-12-26T16:39:46","guid":{"rendered":"https:\/\/www.atta45.se\/e-butik\/?post_type=product&#038;p=35084"},"modified":"2025-10-27T22:19:31","modified_gmt":"2025-10-27T21:19:31","slug":"strandtennisset-i-tra","status":"publish","type":"product","link":"https:\/\/www.atta45.se\/e-butik\/produkt\/strandtennisset-i-tra\/","title":{"rendered":"Strandtennisset med spel, Fabien"},"content":{"rendered":"<p>Strandtennisset I tr\u00e4. Tv\u00e5 racketar och en boll. Logom\u00e4rkning som visas \u00e4r p\u00e5 en position (en produkt).<\/p>\n","protected":false},"excerpt":{"rendered":"<p>Strandtennisset I tr\u00e4. Tv\u00e5 racketar och en boll. Logom\u00e4rkning som visas \u00e4r p\u00e5 en position (en produkt).<\/p>\n","protected":false},"featured_media":35085,"template":"","meta":{"_acf_changed":false,"_seopress_robots_primary_cat":"","_seopress_titles_title":"","_seopress_titles_desc":"","_seopress_robots_index":""},"product_brand":[],"product_cat":[15],"product_tag":[],"class_list":{"0":"post-35084","1":"product","2":"type-product","3":"status-publish","4":"has-post-thumbnail","6":"product_cat-okategoriserad","7":"atta45_taxonomy-tema-inspiration-branscher-sv","8":"atta45_taxonomy-fritid-sv","9":"atta45_taxonomy-tema-inspiration-branscher-rekreation-sv","10":"atta45_taxonomy-tema-inspiration-sasong-sv","11":"atta45_taxonomy-tema-inspiration-sasong-sommar-sv","12":"atta45_taxonomy-fritid-spel-leksaker-sv","13":"atta45_taxonomy-tema-inspiration-sv","14":"atta45_taxonomy-fritid-spel-leksaker-uppblasbart-strandartiklar-sv","15":"atta45_taxonomy-fritid-uppblasbart-strandartiklar-sv","17":"first","18":"instock","19":"taxable","20":"shipping-taxable","21":"purchasable","22":"product-type-variable"},"acf":[],"_links":{"self":[{"href":"https:\/\/www.atta45.se\/e-butik\/wp-json\/wp\/v2\/product\/35084","targetHints":{"allow":["GET"]}}],"collection":[{"href":"https:\/\/www.atta45.se\/e-butik\/wp-json\/wp\/v2\/product"}],"about":[{"href":"https:\/\/www.atta45.se\/e-butik\/wp-json\/wp\/v2\/types\/product"}],"wp:featuredmedia":[{"embeddable":true,"href":"https:\/\/www.atta45.se\/e-butik\/wp-json\/wp\/v2\/media\/35085"}],"wp:attachment":[{"href":"https:\/\/www.atta45.se\/e-butik\/wp-json\/wp\/v2\/media?parent=35084"}],"wp:term":[{"taxonomy":"product_brand","embeddable":true,"href":"https:\/\/www.atta45.se\/e-butik\/wp-json\/wp\/v2\/product_brand?post=35084"},{"taxonomy":"product_cat","embeddable":true,"href":"https:\/\/www.atta45.se\/e-butik\/wp-json\/wp\/v2\/product_cat?post=35084"},{"taxonomy":"product_tag","embeddable":true,"href":"https:\/\/www.atta45.se\/e-butik\/wp-json\/wp\/v2\/product_tag?post=35084"}],"curies":[{"name":"wp","href":"https:\/\/api.w.org\/{rel}","templated":true}]}}