{"id":35068,"date":"2024-12-26T17:39:39","date_gmt":"2024-12-26T16:39:39","guid":{"rendered":"https:\/\/www.atta45.se\/e-butik\/?post_type=product&#038;p=35068"},"modified":"2025-10-27T22:17:35","modified_gmt":"2025-10-27T21:17:35","slug":"nyckelring-med-kompass","status":"publish","type":"product","link":"https:\/\/www.atta45.se\/e-butik\/produkt\/nyckelring-med-kompass\/","title":{"rendered":"Nyckelring i ABS plast med kompass, Samara"},"content":{"rendered":"<p>Nyckelring med kompass i plast. Ett utm\u00e4rkt s\u00e4tt att hitta r\u00e4tt.<\/p>\n","protected":false},"excerpt":{"rendered":"<p>Nyckelring med kompass i plast. Ett utm\u00e4rkt s\u00e4tt att hitta r\u00e4tt.<\/p>\n","protected":false},"featured_media":35069,"template":"","meta":{"_acf_changed":false,"_seopress_robots_primary_cat":"","_seopress_titles_title":"","_seopress_titles_desc":"","_seopress_robots_index":""},"product_brand":[],"product_cat":[15],"product_tag":[],"class_list":{"0":"post-35068","1":"product","2":"type-product","3":"status-publish","4":"has-post-thumbnail","6":"product_cat-okategoriserad","7":"atta45_taxonomy-tema-inspiration-branscher-sv","8":"atta45_taxonomy-fritid-sv","9":"atta45_taxonomy-fritid-kikare-sv","10":"atta45_taxonomy-tema-inspiration-speciella-trycktekniker-name-it-sv","11":"atta45_taxonomy-fritid-overlevnadsprodukter-sv","12":"atta45_taxonomy-reflexer-verktyg-sakerhet-overlevnadsprodukter-sv","13":"atta45_taxonomy-tema-inspiration-ogonblick-pa-vagen-sv","14":"atta45_taxonomy-tema-inspiration-branscher-rekreation-sv","15":"atta45_taxonomy-vaskor-resetillbehor-researtiklar-sv","16":"atta45_taxonomy-tema-inspiration-sv","17":"atta45_taxonomy-vaskor-resetillbehor-sv","19":"first","20":"instock","21":"taxable","22":"shipping-taxable","23":"purchasable","24":"product-type-variable"},"acf":[],"_links":{"self":[{"href":"https:\/\/www.atta45.se\/e-butik\/wp-json\/wp\/v2\/product\/35068","targetHints":{"allow":["GET"]}}],"collection":[{"href":"https:\/\/www.atta45.se\/e-butik\/wp-json\/wp\/v2\/product"}],"about":[{"href":"https:\/\/www.atta45.se\/e-butik\/wp-json\/wp\/v2\/types\/product"}],"wp:featuredmedia":[{"embeddable":true,"href":"https:\/\/www.atta45.se\/e-butik\/wp-json\/wp\/v2\/media\/35069"}],"wp:attachment":[{"href":"https:\/\/www.atta45.se\/e-butik\/wp-json\/wp\/v2\/media?parent=35068"}],"wp:term":[{"taxonomy":"product_brand","embeddable":true,"href":"https:\/\/www.atta45.se\/e-butik\/wp-json\/wp\/v2\/product_brand?post=35068"},{"taxonomy":"product_cat","embeddable":true,"href":"https:\/\/www.atta45.se\/e-butik\/wp-json\/wp\/v2\/product_cat?post=35068"},{"taxonomy":"product_tag","embeddable":true,"href":"https:\/\/www.atta45.se\/e-butik\/wp-json\/wp\/v2\/product_tag?post=35068"}],"curies":[{"name":"wp","href":"https:\/\/api.w.org\/{rel}","templated":true}]}}