{"id":35026,"date":"2024-12-26T17:39:22","date_gmt":"2024-12-26T16:39:22","guid":{"rendered":"https:\/\/www.atta45.se\/e-butik\/?post_type=product&#038;p=35026"},"modified":"2025-10-27T22:03:38","modified_gmt":"2025-10-27T21:03:38","slug":"vattentat-vaska-i-pvc","status":"publish","type":"product","link":"https:\/\/www.atta45.se\/e-butik\/produkt\/vattentat-vaska-i-pvc\/","title":{"rendered":"Vattent\u00e4t v\u00e4ska i PVC"},"content":{"rendered":"<p>Vattent\u00e4t v\u00e4ska i PVC med karbinhakar i plast. F\u00f6r att den ska flyta, se till att det finns luft i v\u00e4skan i samband med f\u00f6rslutning.<\/p>\n","protected":false},"excerpt":{"rendered":"<p>Vattent\u00e4t v\u00e4ska i PVC med karbinhakar i plast. F\u00f6r att den ska flyta, se till att det finns luft i v\u00e4skan i samband med f\u00f6rslutning.<\/p>\n","protected":false},"featured_media":35027,"template":"","meta":{"_acf_changed":false,"_seopress_robots_primary_cat":"","_seopress_titles_title":"","_seopress_titles_desc":"","_seopress_robots_index":""},"product_brand":[],"product_cat":[15],"product_tag":[],"class_list":{"0":"post-35026","1":"product","2":"type-product","3":"status-publish","4":"has-post-thumbnail","6":"product_cat-okategoriserad","7":"atta45_taxonomy-tema-inspiration-branscher-sv","8":"atta45_taxonomy-fritid-sv","9":"atta45_taxonomy-reflexer-verktyg-sakerhet-overlevnadsprodukter-sv","10":"atta45_taxonomy-fritid-overlevnadsprodukter-sv","11":"atta45_taxonomy-tema-inspiration-branscher-rekreation-sv","12":"atta45_taxonomy-tema-inspiration-sasong-sv","13":"atta45_taxonomy-tema-inspiration-sasong-sommar-sv","14":"atta45_taxonomy-tema-inspiration-ogonblick-sommargladje-sv","15":"atta45_taxonomy-fritid-sportartiklar-sv","16":"atta45_taxonomy-vaskor-resetillbehor-sport-resvaskor-sv","17":"atta45_taxonomy-vaskor-resetillbehor-strandvaskor-sv","18":"atta45_taxonomy-tema-inspiration-sv","19":"atta45_taxonomy-fritid-uppblasbart-strandartiklar-sv","20":"atta45_taxonomy-reflexer-verktyg-sakerhet-vaskor-sv","21":"atta45_taxonomy-textil-vaskor-bagar-sv","22":"atta45_taxonomy-vaskor-resetillbehor-sv","24":"first","25":"instock","26":"taxable","27":"shipping-taxable","28":"purchasable","29":"product-type-variable"},"acf":[],"_links":{"self":[{"href":"https:\/\/www.atta45.se\/e-butik\/wp-json\/wp\/v2\/product\/35026","targetHints":{"allow":["GET"]}}],"collection":[{"href":"https:\/\/www.atta45.se\/e-butik\/wp-json\/wp\/v2\/product"}],"about":[{"href":"https:\/\/www.atta45.se\/e-butik\/wp-json\/wp\/v2\/types\/product"}],"wp:featuredmedia":[{"embeddable":true,"href":"https:\/\/www.atta45.se\/e-butik\/wp-json\/wp\/v2\/media\/35027"}],"wp:attachment":[{"href":"https:\/\/www.atta45.se\/e-butik\/wp-json\/wp\/v2\/media?parent=35026"}],"wp:term":[{"taxonomy":"product_brand","embeddable":true,"href":"https:\/\/www.atta45.se\/e-butik\/wp-json\/wp\/v2\/product_brand?post=35026"},{"taxonomy":"product_cat","embeddable":true,"href":"https:\/\/www.atta45.se\/e-butik\/wp-json\/wp\/v2\/product_cat?post=35026"},{"taxonomy":"product_tag","embeddable":true,"href":"https:\/\/www.atta45.se\/e-butik\/wp-json\/wp\/v2\/product_tag?post=35026"}],"curies":[{"name":"wp","href":"https:\/\/api.w.org\/{rel}","templated":true}]}}