{"id":350196,"date":"2025-04-19T00:25:15","date_gmt":"2025-04-18T22:25:15","guid":{"rendered":"https:\/\/www.atta45.se\/e-butik\/produkt\/owen-lsl-women-womens-long-sleeve-polo-shirt-with-concealed-placket\/"},"modified":"2025-10-28T02:22:07","modified_gmt":"2025-10-28T01:22:07","slug":"owen-lsl-women-womens-long-sleeve-polo-shirt-with-concealed-placket","status":"publish","type":"product","link":"https:\/\/www.atta45.se\/e-butik\/produkt\/owen-lsl-women-womens-long-sleeve-polo-shirt-with-concealed-placket\/","title":{"rendered":"Polotr\u00f6ja &#8211; Dam l\u00e5ng\u00e4rmad med dold knappsl\u00e5 Owen Lsl Women"},"content":{"rendered":"<p>WOMEN&#8217;S LONG SLEEVE POLO SHIRT WITH CONCEALED PLACKET (OWEN LSL WOMEN)<\/p>\n<p>100% combed ringspun cotton<br \/>Long sleeves<br \/>Ribbed collar<br \/>Concealed button placket<br \/>4 tone-on-tone buttons<br \/>Side slits at bottom<br \/>Piqu\u00e9 220<br \/>Available in: S &#8211; 3XL<\/p>\n","protected":false},"excerpt":{"rendered":"<p>WOMEN&#8217;S LONG SLEEVE POLO SHIRT WITH CONCEALED PLACKET (OWEN LSL WOMEN) 100% combed ringspun cottonLong sleevesRibbed collarConcealed button placket4 tone-on-tone buttonsSide slits at bottomPiqu\u00e9 220Available in: S &#8211; 3XL<\/p>\n","protected":false},"featured_media":350197,"template":"","meta":{"_acf_changed":false,"_seopress_robots_primary_cat":"","_seopress_titles_title":"","_seopress_titles_desc":"","_seopress_robots_index":""},"product_brand":[],"product_cat":[15],"product_tag":[],"class_list":{"0":"post-350196","1":"product","2":"type-product","3":"status-publish","4":"has-post-thumbnail","6":"product_cat-okategoriserad","7":"atta45_taxonomy-textil-piketrojor-tennistrojor-sv","9":"first","10":"instock","11":"taxable","12":"shipping-taxable","13":"purchasable","14":"product-type-variable"},"acf":[],"_links":{"self":[{"href":"https:\/\/www.atta45.se\/e-butik\/wp-json\/wp\/v2\/product\/350196","targetHints":{"allow":["GET"]}}],"collection":[{"href":"https:\/\/www.atta45.se\/e-butik\/wp-json\/wp\/v2\/product"}],"about":[{"href":"https:\/\/www.atta45.se\/e-butik\/wp-json\/wp\/v2\/types\/product"}],"wp:featuredmedia":[{"embeddable":true,"href":"https:\/\/www.atta45.se\/e-butik\/wp-json\/wp\/v2\/media\/350197"}],"wp:attachment":[{"href":"https:\/\/www.atta45.se\/e-butik\/wp-json\/wp\/v2\/media?parent=350196"}],"wp:term":[{"taxonomy":"product_brand","embeddable":true,"href":"https:\/\/www.atta45.se\/e-butik\/wp-json\/wp\/v2\/product_brand?post=350196"},{"taxonomy":"product_cat","embeddable":true,"href":"https:\/\/www.atta45.se\/e-butik\/wp-json\/wp\/v2\/product_cat?post=350196"},{"taxonomy":"product_tag","embeddable":true,"href":"https:\/\/www.atta45.se\/e-butik\/wp-json\/wp\/v2\/product_tag?post=350196"}],"curies":[{"name":"wp","href":"https:\/\/api.w.org\/{rel}","templated":true}]}}