{"id":35014,"date":"2024-12-26T17:39:16","date_gmt":"2024-12-26T16:39:16","guid":{"rendered":"https:\/\/www.atta45.se\/e-butik\/?post_type=product&#038;p=35014"},"modified":"2025-10-27T22:03:15","modified_gmt":"2025-10-27T21:03:15","slug":"midjevaska-i-neopren-med-dragkedja","status":"publish","type":"product","link":"https:\/\/www.atta45.se\/e-butik\/produkt\/midjevaska-i-neopren-med-dragkedja\/","title":{"rendered":"Midjev\u00e4ska i neopren med dragkedja"},"content":{"rendered":"<p>Midjev\u00e4ska i neopren, vattenavvisande, med reglerbar elastisk rem (2 x 27 cm) och svart sp\u00e4nne. Insidan av v\u00e4skan har vattenavvisande bel\u00e4ggning.<\/p>\n","protected":false},"excerpt":{"rendered":"<p>Midjev\u00e4ska i neopren, vattenavvisande, med reglerbar elastisk rem (2 x 27 cm) och svart sp\u00e4nne. Insidan av v\u00e4skan har vattenavvisande bel\u00e4ggning.<\/p>\n","protected":false},"featured_media":35015,"template":"","meta":{"_acf_changed":false,"_seopress_robots_primary_cat":"","_seopress_titles_title":"","_seopress_titles_desc":"","_seopress_robots_index":""},"product_brand":[],"product_cat":[15],"product_tag":[],"class_list":{"0":"post-35014","1":"product","2":"type-product","3":"status-publish","4":"has-post-thumbnail","6":"product_cat-okategoriserad","7":"atta45_taxonomy-tema-inspiration-ogonblick-en-dag-i-parken-sv","8":"atta45_taxonomy-fritid-sv","9":"atta45_taxonomy-vaskor-resetillbehor-midjevaska-sv","10":"atta45_taxonomy-reflexer-verktyg-sakerhet-overlevnadsprodukter-sv","11":"atta45_taxonomy-fritid-overlevnadsprodukter-sv","12":"atta45_taxonomy-fritid-sportartiklar-sv","13":"atta45_taxonomy-vaskor-resetillbehor-sport-resvaskor-sv","14":"atta45_taxonomy-tema-inspiration-sv","15":"atta45_taxonomy-reflexer-verktyg-sakerhet-vaskor-sv","16":"atta45_taxonomy-vaskor-resetillbehor-sv","18":"first","19":"instock","20":"taxable","21":"shipping-taxable","22":"purchasable","23":"product-type-variable"},"acf":[],"_links":{"self":[{"href":"https:\/\/www.atta45.se\/e-butik\/wp-json\/wp\/v2\/product\/35014","targetHints":{"allow":["GET"]}}],"collection":[{"href":"https:\/\/www.atta45.se\/e-butik\/wp-json\/wp\/v2\/product"}],"about":[{"href":"https:\/\/www.atta45.se\/e-butik\/wp-json\/wp\/v2\/types\/product"}],"wp:featuredmedia":[{"embeddable":true,"href":"https:\/\/www.atta45.se\/e-butik\/wp-json\/wp\/v2\/media\/35015"}],"wp:attachment":[{"href":"https:\/\/www.atta45.se\/e-butik\/wp-json\/wp\/v2\/media?parent=35014"}],"wp:term":[{"taxonomy":"product_brand","embeddable":true,"href":"https:\/\/www.atta45.se\/e-butik\/wp-json\/wp\/v2\/product_brand?post=35014"},{"taxonomy":"product_cat","embeddable":true,"href":"https:\/\/www.atta45.se\/e-butik\/wp-json\/wp\/v2\/product_cat?post=35014"},{"taxonomy":"product_tag","embeddable":true,"href":"https:\/\/www.atta45.se\/e-butik\/wp-json\/wp\/v2\/product_tag?post=35014"}],"curies":[{"name":"wp","href":"https:\/\/api.w.org\/{rel}","templated":true}]}}