{"id":349789,"date":"2025-04-18T23:35:13","date_gmt":"2025-04-18T21:35:13","guid":{"rendered":"https:\/\/www.atta45.se\/e-butik\/produkt\/orel-unisex-pique-polo-shirt\/"},"modified":"2025-10-28T02:20:28","modified_gmt":"2025-10-28T01:20:28","slug":"orel-unisex-pique-polo-shirt","status":"publish","type":"product","link":"https:\/\/www.atta45.se\/e-butik\/produkt\/orel-unisex-pique-polo-shirt\/","title":{"rendered":"Pik\u00e9tr\u00f6ja &#8211; Unisex Piqu\u00e9 Orel"},"content":{"rendered":"<p>UNISEX PIQU\u00c9 POLO SHIRT (OREL)<\/p>\n<p>100% combed ringspun cotton<br \/>Unisex<br \/>Short sleeves with single hem<br \/>Ribbed collar with neck tape<br \/>Zigzag stitch and contrasting stripe at collar and inside neckline<br \/>Button placket with 2 black buttons<br \/>Extended sleeves and comfortable fit<br \/>Piqu\u00e9 220<br \/>Available in: XS &#8211; 4XL<\/p>\n","protected":false},"excerpt":{"rendered":"<p>UNISEX PIQU\u00c9 POLO SHIRT (OREL) 100% combed ringspun cottonUnisexShort sleeves with single hemRibbed collar with neck tapeZigzag stitch and contrasting stripe at collar and inside necklineButton placket with 2 black buttonsExtended sleeves and comfortable fitPiqu\u00e9 220Available in: XS &#8211; 4XL<\/p>\n","protected":false},"featured_media":349790,"template":"","meta":{"_acf_changed":false,"_seopress_robots_primary_cat":"","_seopress_titles_title":"","_seopress_titles_desc":"","_seopress_robots_index":""},"product_brand":[],"product_cat":[15],"product_tag":[],"class_list":{"0":"post-349789","1":"product","2":"type-product","3":"status-publish","4":"has-post-thumbnail","6":"product_cat-okategoriserad","7":"atta45_taxonomy-textil-piketrojor-tennistrojor-sv","9":"first","10":"instock","11":"taxable","12":"shipping-taxable","13":"purchasable","14":"product-type-variable"},"acf":[],"_links":{"self":[{"href":"https:\/\/www.atta45.se\/e-butik\/wp-json\/wp\/v2\/product\/349789","targetHints":{"allow":["GET"]}}],"collection":[{"href":"https:\/\/www.atta45.se\/e-butik\/wp-json\/wp\/v2\/product"}],"about":[{"href":"https:\/\/www.atta45.se\/e-butik\/wp-json\/wp\/v2\/types\/product"}],"wp:featuredmedia":[{"embeddable":true,"href":"https:\/\/www.atta45.se\/e-butik\/wp-json\/wp\/v2\/media\/349790"}],"wp:attachment":[{"href":"https:\/\/www.atta45.se\/e-butik\/wp-json\/wp\/v2\/media?parent=349789"}],"wp:term":[{"taxonomy":"product_brand","embeddable":true,"href":"https:\/\/www.atta45.se\/e-butik\/wp-json\/wp\/v2\/product_brand?post=349789"},{"taxonomy":"product_cat","embeddable":true,"href":"https:\/\/www.atta45.se\/e-butik\/wp-json\/wp\/v2\/product_cat?post=349789"},{"taxonomy":"product_tag","embeddable":true,"href":"https:\/\/www.atta45.se\/e-butik\/wp-json\/wp\/v2\/product_tag?post=349789"}],"curies":[{"name":"wp","href":"https:\/\/api.w.org\/{rel}","templated":true}]}}