{"id":349773,"date":"2025-04-18T23:32:14","date_gmt":"2025-04-18T21:32:14","guid":{"rendered":"https:\/\/www.atta45.se\/e-butik\/produkt\/come-made-in-france-drawstring-backpack\/"},"modified":"2025-10-28T02:19:59","modified_gmt":"2025-10-28T01:19:59","slug":"come-made-in-france-drawstring-backpack","status":"publish","type":"product","link":"https:\/\/www.atta45.se\/e-butik\/produkt\/come-made-in-france-drawstring-backpack\/","title":{"rendered":"Ryggs\u00e4ck med dragsko &#8211; Tillverkad i Frankrike C\u00f4me"},"content":{"rendered":"<p>MADE IN FRANCE DRAWSTRING BACKPACK (C\u00d4ME)<\/p>\n<p>Woven and made in France &#8211; 100% organic cotton fabric<br \/>Adjustable drawstrings<br \/>Reinforced front corners<br \/>Three-colour hem tag attached to right corner<br \/>Cretonne 150<\/p>\n","protected":false},"excerpt":{"rendered":"<p>MADE IN FRANCE DRAWSTRING BACKPACK (C\u00d4ME) Woven and made in France &#8211; 100% organic cotton fabricAdjustable drawstringsReinforced front cornersThree-colour hem tag attached to right cornerCretonne 150<\/p>\n","protected":false},"featured_media":349774,"template":"","meta":{"_acf_changed":false,"_seopress_robots_primary_cat":"","_seopress_titles_title":"","_seopress_titles_desc":"","_seopress_robots_index":""},"product_brand":[],"product_cat":[15],"product_tag":[],"class_list":{"0":"post-349773","1":"product","2":"type-product","3":"status-publish","4":"has-post-thumbnail","6":"product_cat-okategoriserad","7":"atta45_taxonomy-textil-organiskt-sv","8":"atta45_taxonomy-textil-vaskor-bagar-sv","10":"first","11":"instock","12":"taxable","13":"shipping-taxable","14":"purchasable","15":"product-type-variable"},"acf":[],"_links":{"self":[{"href":"https:\/\/www.atta45.se\/e-butik\/wp-json\/wp\/v2\/product\/349773","targetHints":{"allow":["GET"]}}],"collection":[{"href":"https:\/\/www.atta45.se\/e-butik\/wp-json\/wp\/v2\/product"}],"about":[{"href":"https:\/\/www.atta45.se\/e-butik\/wp-json\/wp\/v2\/types\/product"}],"wp:featuredmedia":[{"embeddable":true,"href":"https:\/\/www.atta45.se\/e-butik\/wp-json\/wp\/v2\/media\/349774"}],"wp:attachment":[{"href":"https:\/\/www.atta45.se\/e-butik\/wp-json\/wp\/v2\/media?parent=349773"}],"wp:term":[{"taxonomy":"product_brand","embeddable":true,"href":"https:\/\/www.atta45.se\/e-butik\/wp-json\/wp\/v2\/product_brand?post=349773"},{"taxonomy":"product_cat","embeddable":true,"href":"https:\/\/www.atta45.se\/e-butik\/wp-json\/wp\/v2\/product_cat?post=349773"},{"taxonomy":"product_tag","embeddable":true,"href":"https:\/\/www.atta45.se\/e-butik\/wp-json\/wp\/v2\/product_tag?post=349773"}],"curies":[{"name":"wp","href":"https:\/\/api.w.org\/{rel}","templated":true}]}}