{"id":349764,"date":"2025-04-18T23:30:15","date_gmt":"2025-04-18T21:30:15","guid":{"rendered":"https:\/\/www.atta45.se\/e-butik\/produkt\/gael-made-in-france-small-bag\/"},"modified":"2025-10-28T02:19:46","modified_gmt":"2025-10-28T01:19:46","slug":"gael-made-in-france-small-bag","status":"publish","type":"product","link":"https:\/\/www.atta45.se\/e-butik\/produkt\/gael-made-in-france-small-bag\/","title":{"rendered":"Liten p\u00e5se &#8211; Tillverkad i Frankrike Ga\u00ebl"},"content":{"rendered":"<p>MADE IN FRANCE SMALL BAG (GA\u00cbL)<\/p>\n<p>Woven and made in France &#8211; 100% organic cotton fabric<br \/>Small bag with double cotton drawstring<br \/>Three-colour hem tag attached to side seam<br \/>Ideal size for a pair of shoes or a folded T-shirt<br \/>Sold in packs of 10 pieces<br \/>Cretonne 150<\/p>\n","protected":false},"excerpt":{"rendered":"<p>MADE IN FRANCE SMALL BAG (GA\u00cbL) Woven and made in France &#8211; 100% organic cotton fabricSmall bag with double cotton drawstringThree-colour hem tag attached to side seamIdeal size for a pair of shoes or a folded T-shirtSold in packs of 10 piecesCretonne 150<\/p>\n","protected":false},"featured_media":349765,"template":"","meta":{"_acf_changed":false,"_seopress_robots_primary_cat":"","_seopress_titles_title":"","_seopress_titles_desc":"","_seopress_robots_index":""},"product_brand":[],"product_cat":[15],"product_tag":[],"class_list":{"0":"post-349764","1":"product","2":"type-product","3":"status-publish","4":"has-post-thumbnail","6":"product_cat-okategoriserad","7":"atta45_taxonomy-textil-organiskt-sv","8":"atta45_taxonomy-textil-vaskor-bagar-sv","10":"first","11":"instock","12":"taxable","13":"shipping-taxable","14":"purchasable","15":"product-type-variable"},"acf":[],"_links":{"self":[{"href":"https:\/\/www.atta45.se\/e-butik\/wp-json\/wp\/v2\/product\/349764","targetHints":{"allow":["GET"]}}],"collection":[{"href":"https:\/\/www.atta45.se\/e-butik\/wp-json\/wp\/v2\/product"}],"about":[{"href":"https:\/\/www.atta45.se\/e-butik\/wp-json\/wp\/v2\/types\/product"}],"wp:featuredmedia":[{"embeddable":true,"href":"https:\/\/www.atta45.se\/e-butik\/wp-json\/wp\/v2\/media\/349765"}],"wp:attachment":[{"href":"https:\/\/www.atta45.se\/e-butik\/wp-json\/wp\/v2\/media?parent=349764"}],"wp:term":[{"taxonomy":"product_brand","embeddable":true,"href":"https:\/\/www.atta45.se\/e-butik\/wp-json\/wp\/v2\/product_brand?post=349764"},{"taxonomy":"product_cat","embeddable":true,"href":"https:\/\/www.atta45.se\/e-butik\/wp-json\/wp\/v2\/product_cat?post=349764"},{"taxonomy":"product_tag","embeddable":true,"href":"https:\/\/www.atta45.se\/e-butik\/wp-json\/wp\/v2\/product_tag?post=349764"}],"curies":[{"name":"wp","href":"https:\/\/api.w.org\/{rel}","templated":true}]}}