{"id":34976,"date":"2024-12-26T17:39:01","date_gmt":"2024-12-26T16:39:01","guid":{"rendered":"https:\/\/www.atta45.se\/e-butik\/?post_type=product&#038;p=34976"},"modified":"2025-10-27T22:01:49","modified_gmt":"2025-10-27T21:01:49","slug":"fleeceplad","status":"publish","type":"product","link":"https:\/\/www.atta45.se\/e-butik\/produkt\/fleeceplad\/","title":{"rendered":"Fleecepl\u00e4d"},"content":{"rendered":"<p>Enf\u00e4rgad fleecepl\u00e4d med praktisk b\u00e4rrem i nylon. 180 gr\/m\u00b2.<\/p>\n","protected":false},"excerpt":{"rendered":"<p>Enf\u00e4rgad fleecepl\u00e4d med praktisk b\u00e4rrem i nylon. 180 gr\/m\u00b2.<\/p>\n","protected":false},"featured_media":34977,"template":"","meta":{"_acf_changed":false,"_seopress_robots_primary_cat":"","_seopress_titles_title":"","_seopress_titles_desc":"","_seopress_robots_index":""},"product_brand":[],"product_cat":[15],"product_tag":[],"class_list":{"0":"post-34976","1":"product","2":"type-product","3":"status-publish","4":"has-post-thumbnail","6":"product_cat-okategoriserad","7":"atta45_taxonomy-tema-inspiration-ogonblick-arsslut-sv","8":"atta45_taxonomy-tema-inspiration-speciella-trycktekniker-brodyr-sv","9":"atta45_taxonomy-fritid-filtar-sv","10":"atta45_taxonomy-textil-fleece-sv","11":"atta45_taxonomy-fritid-fleeceprodukter-sv","12":"atta45_taxonomy-fritid-sv","13":"atta45_taxonomy-textil-handdukar-badrockar-sv","14":"atta45_taxonomy-hem-hushall-sv","15":"atta45_taxonomy-fritid-picknickset-sv","16":"atta45_taxonomy-tema-inspiration-sasong-sv","17":"atta45_taxonomy-tema-inspiration-speciella-trycktekniker-sv","18":"atta45_taxonomy-tema-inspiration-sv","19":"atta45_taxonomy-tema-inspiration-sasong-vinter-sv","20":"atta45_taxonomy-tema-inspiration-ogonblick-vinterlandskap-sv","22":"first","23":"instock","24":"taxable","25":"shipping-taxable","26":"purchasable","27":"product-type-variable"},"acf":[],"_links":{"self":[{"href":"https:\/\/www.atta45.se\/e-butik\/wp-json\/wp\/v2\/product\/34976","targetHints":{"allow":["GET"]}}],"collection":[{"href":"https:\/\/www.atta45.se\/e-butik\/wp-json\/wp\/v2\/product"}],"about":[{"href":"https:\/\/www.atta45.se\/e-butik\/wp-json\/wp\/v2\/types\/product"}],"wp:featuredmedia":[{"embeddable":true,"href":"https:\/\/www.atta45.se\/e-butik\/wp-json\/wp\/v2\/media\/34977"}],"wp:attachment":[{"href":"https:\/\/www.atta45.se\/e-butik\/wp-json\/wp\/v2\/media?parent=34976"}],"wp:term":[{"taxonomy":"product_brand","embeddable":true,"href":"https:\/\/www.atta45.se\/e-butik\/wp-json\/wp\/v2\/product_brand?post=34976"},{"taxonomy":"product_cat","embeddable":true,"href":"https:\/\/www.atta45.se\/e-butik\/wp-json\/wp\/v2\/product_cat?post=34976"},{"taxonomy":"product_tag","embeddable":true,"href":"https:\/\/www.atta45.se\/e-butik\/wp-json\/wp\/v2\/product_tag?post=34976"}],"curies":[{"name":"wp","href":"https:\/\/api.w.org\/{rel}","templated":true}]}}