{"id":34946,"date":"2024-12-26T17:38:49","date_gmt":"2024-12-26T16:38:49","guid":{"rendered":"https:\/\/www.atta45.se\/e-butik\/?post_type=product&#038;p=34946"},"modified":"2025-10-27T20:18:20","modified_gmt":"2025-10-27T19:18:20","slug":"resekudde-med-memoryskum-martina","status":"publish","type":"product","link":"https:\/\/www.atta45.se\/e-butik\/produkt\/resekudde-med-memoryskum-martina\/","title":{"rendered":"Resekudde med memoryskum Martina"},"content":{"rendered":"<p>Nackkudde med emoryskum och justerbart sn\u00f6re. F\u00f6rpackad i en rPET-p\u00e5se.<\/p>\n","protected":false},"excerpt":{"rendered":"<p>Nackkudde med emoryskum och justerbart sn\u00f6re. F\u00f6rpackad i en rPET-p\u00e5se.<\/p>\n","protected":false},"featured_media":34947,"template":"","meta":{"_acf_changed":false,"_seopress_robots_primary_cat":"","_seopress_titles_title":"","_seopress_titles_desc":"","_seopress_robots_index":""},"product_brand":[],"product_cat":[15],"product_tag":[],"class_list":{"0":"post-34946","1":"product","2":"type-product","3":"status-publish","4":"has-post-thumbnail","6":"product_cat-okategoriserad","7":"atta45_taxonomy-tema-inspiration-grona-intryck-eco-basic-sv","8":"atta45_taxonomy-fritid-sv","9":"atta45_taxonomy-tema-inspiration-grona-intryck-sv","10":"atta45_taxonomy-hem-hushall-sv","11":"atta45_taxonomy-nyheter-sv","12":"atta45_taxonomy-tema-inspiration-utvalda-produkter-nyheter-sv","13":"atta45_taxonomy-fritid-overlevnadsprodukter-sv","14":"atta45_taxonomy-reflexer-verktyg-sakerhet-overlevnadsprodukter-sv","15":"atta45_taxonomy-tema-inspiration-ogonblick-pa-vagen-sv","16":"atta45_taxonomy-vaskor-resetillbehor-researtiklar-sv","17":"atta45_taxonomy-tema-inspiration-sv","18":"atta45_taxonomy-vaskor-resetillbehor-sv","20":"first","21":"instock","22":"taxable","23":"shipping-taxable","24":"purchasable","25":"product-type-variable"},"acf":[],"_links":{"self":[{"href":"https:\/\/www.atta45.se\/e-butik\/wp-json\/wp\/v2\/product\/34946","targetHints":{"allow":["GET"]}}],"collection":[{"href":"https:\/\/www.atta45.se\/e-butik\/wp-json\/wp\/v2\/product"}],"about":[{"href":"https:\/\/www.atta45.se\/e-butik\/wp-json\/wp\/v2\/types\/product"}],"wp:featuredmedia":[{"embeddable":true,"href":"https:\/\/www.atta45.se\/e-butik\/wp-json\/wp\/v2\/media\/34947"}],"wp:attachment":[{"href":"https:\/\/www.atta45.se\/e-butik\/wp-json\/wp\/v2\/media?parent=34946"}],"wp:term":[{"taxonomy":"product_brand","embeddable":true,"href":"https:\/\/www.atta45.se\/e-butik\/wp-json\/wp\/v2\/product_brand?post=34946"},{"taxonomy":"product_cat","embeddable":true,"href":"https:\/\/www.atta45.se\/e-butik\/wp-json\/wp\/v2\/product_cat?post=34946"},{"taxonomy":"product_tag","embeddable":true,"href":"https:\/\/www.atta45.se\/e-butik\/wp-json\/wp\/v2\/product_tag?post=34946"}],"curies":[{"name":"wp","href":"https:\/\/api.w.org\/{rel}","templated":true}]}}