{"id":34900,"date":"2024-12-26T17:38:26","date_gmt":"2024-12-26T16:38:26","guid":{"rendered":"https:\/\/www.atta45.se\/e-butik\/?post_type=product&#038;p=34900"},"modified":"2025-10-27T20:08:02","modified_gmt":"2025-10-27T19:08:02","slug":"parasoll-190t-polyester-elsa","status":"publish","type":"product","link":"https:\/\/www.atta45.se\/e-butik\/produkt\/parasoll-190t-polyester-elsa\/","title":{"rendered":"Parasoll 190T polyester Elsa"},"content":{"rendered":"<p>Parasoll av 190T polyester med UV-bel\u00e4ggning. \u00c5tta paneler. 150 cm diameter. F\u00f6rpackad i en p\u00e5se med b\u00e4rrem.<\/p>\n","protected":false},"excerpt":{"rendered":"<p>Parasoll av 190T polyester med UV-bel\u00e4ggning. \u00c5tta paneler. 150 cm diameter. F\u00f6rpackad i en p\u00e5se med b\u00e4rrem.<\/p>\n","protected":false},"featured_media":34901,"template":"","meta":{"_acf_changed":false,"_seopress_robots_primary_cat":"","_seopress_titles_title":"","_seopress_titles_desc":"","_seopress_robots_index":""},"product_brand":[],"product_cat":[15],"product_tag":[],"class_list":{"0":"post-34900","1":"product","2":"type-product","3":"status-publish","4":"has-post-thumbnail","6":"product_cat-okategoriserad","7":"atta45_taxonomy-tema-inspiration-ogonblick-en-dag-i-parken-sv","8":"atta45_taxonomy-fritid-sv","9":"atta45_taxonomy-nyheter-sv","10":"atta45_taxonomy-tema-inspiration-utvalda-produkter-nyheter-sv","11":"atta45_taxonomy-fritid-picknickset-sv","12":"atta45_taxonomy-tema-inspiration-sasong-sommar-sv","13":"atta45_taxonomy-tema-inspiration-ogonblick-sommargladje-sv","14":"atta45_taxonomy-tema-inspiration-sv","15":"atta45_taxonomy-fritid-uppblasbart-strandartiklar-sv","16":"atta45_taxonomy-tema-inspiration-sasong-var-sv","18":"first","19":"instock","20":"taxable","21":"shipping-taxable","22":"purchasable","23":"product-type-variable"},"acf":[],"_links":{"self":[{"href":"https:\/\/www.atta45.se\/e-butik\/wp-json\/wp\/v2\/product\/34900","targetHints":{"allow":["GET"]}}],"collection":[{"href":"https:\/\/www.atta45.se\/e-butik\/wp-json\/wp\/v2\/product"}],"about":[{"href":"https:\/\/www.atta45.se\/e-butik\/wp-json\/wp\/v2\/types\/product"}],"wp:featuredmedia":[{"embeddable":true,"href":"https:\/\/www.atta45.se\/e-butik\/wp-json\/wp\/v2\/media\/34901"}],"wp:attachment":[{"href":"https:\/\/www.atta45.se\/e-butik\/wp-json\/wp\/v2\/media?parent=34900"}],"wp:term":[{"taxonomy":"product_brand","embeddable":true,"href":"https:\/\/www.atta45.se\/e-butik\/wp-json\/wp\/v2\/product_brand?post=34900"},{"taxonomy":"product_cat","embeddable":true,"href":"https:\/\/www.atta45.se\/e-butik\/wp-json\/wp\/v2\/product_cat?post=34900"},{"taxonomy":"product_tag","embeddable":true,"href":"https:\/\/www.atta45.se\/e-butik\/wp-json\/wp\/v2\/product_tag?post=34900"}],"curies":[{"name":"wp","href":"https:\/\/api.w.org\/{rel}","templated":true}]}}