{"id":34888,"date":"2024-12-26T17:38:21","date_gmt":"2024-12-26T16:38:21","guid":{"rendered":"https:\/\/www.atta45.se\/e-butik\/?post_type=product&#038;p=34888"},"modified":"2025-10-27T20:07:34","modified_gmt":"2025-10-27T19:07:34","slug":"kortlek-i-atervunnen-kartong-arwen","status":"publish","type":"product","link":"https:\/\/www.atta45.se\/e-butik\/produkt\/kortlek-i-atervunnen-kartong-arwen\/","title":{"rendered":"Kortlek i \u00e5tervunnen kartong Arwen"},"content":{"rendered":"<p>Kortlek i \u00e5tervunnen kartong, set om tv\u00e5. 54 spelkort i varje set (52 kort + 2 st jokrar). Packad per kortlek i ask av kraftpapper och b\u00e5da i en solid box av kraftpapper.<\/p>\n","protected":false},"excerpt":{"rendered":"<p>Kortlek i \u00e5tervunnen kartong, set om tv\u00e5. 54 spelkort i varje set (52 kort + 2 st jokrar). Packad per kortlek i ask av kraftpapper och b\u00e5da i en solid box av kraftpapper.<\/p>\n","protected":false},"featured_media":34889,"template":"","meta":{"_acf_changed":false,"_seopress_robots_primary_cat":"","_seopress_titles_title":"","_seopress_titles_desc":"","_seopress_robots_index":""},"product_brand":[],"product_cat":[15],"product_tag":[],"class_list":{"0":"post-34888","1":"product","2":"type-product","3":"status-publish","4":"has-post-thumbnail","6":"product_cat-okategoriserad","7":"atta45_taxonomy-tema-inspiration-ogonblick-en-dag-i-parken-sv","8":"atta45_taxonomy-fritid-sv","9":"atta45_taxonomy-tema-inspiration-grona-intryck-sv","10":"atta45_taxonomy-tema-inspiration-utvalda-produkter-nyheter-sv","11":"atta45_taxonomy-nyheter-sv","12":"atta45_taxonomy-tema-inspiration-ogonblick-pa-vagen-sv","13":"atta45_taxonomy-tema-inspiration-branscher-rekreation-sv","14":"atta45_taxonomy-tema-inspiration-sasong-sommar-sv","15":"atta45_taxonomy-fritid-spel-leksaker-spel-sv","16":"atta45_taxonomy-fritid-spel-leksaker-sv","17":"atta45_taxonomy-tema-inspiration-sv","18":"atta45_taxonomy-fritid-uppblasbart-strandartiklar-sv","19":"atta45_taxonomy-tema-inspiration-sasong-vinter-sv","21":"first","22":"instock","23":"taxable","24":"shipping-taxable","25":"purchasable","26":"product-type-variable"},"acf":[],"_links":{"self":[{"href":"https:\/\/www.atta45.se\/e-butik\/wp-json\/wp\/v2\/product\/34888","targetHints":{"allow":["GET"]}}],"collection":[{"href":"https:\/\/www.atta45.se\/e-butik\/wp-json\/wp\/v2\/product"}],"about":[{"href":"https:\/\/www.atta45.se\/e-butik\/wp-json\/wp\/v2\/types\/product"}],"wp:featuredmedia":[{"embeddable":true,"href":"https:\/\/www.atta45.se\/e-butik\/wp-json\/wp\/v2\/media\/34889"}],"wp:attachment":[{"href":"https:\/\/www.atta45.se\/e-butik\/wp-json\/wp\/v2\/media?parent=34888"}],"wp:term":[{"taxonomy":"product_brand","embeddable":true,"href":"https:\/\/www.atta45.se\/e-butik\/wp-json\/wp\/v2\/product_brand?post=34888"},{"taxonomy":"product_cat","embeddable":true,"href":"https:\/\/www.atta45.se\/e-butik\/wp-json\/wp\/v2\/product_cat?post=34888"},{"taxonomy":"product_tag","embeddable":true,"href":"https:\/\/www.atta45.se\/e-butik\/wp-json\/wp\/v2\/product_tag?post=34888"}],"curies":[{"name":"wp","href":"https:\/\/api.w.org\/{rel}","templated":true}]}}