{"id":34764,"date":"2024-12-26T17:37:31","date_gmt":"2024-12-26T16:37:31","guid":{"rendered":"https:\/\/www.atta45.se\/e-butik\/?post_type=product&#038;p=34764"},"modified":"2025-10-27T19:34:01","modified_gmt":"2025-10-27T18:34:01","slug":"rpet-paraply-brooklyn","status":"publish","type":"product","link":"https:\/\/www.atta45.se\/e-butik\/produkt\/rpet-paraply-brooklyn\/","title":{"rendered":"RPET paraply Brooklyn"},"content":{"rendered":"<p>RPET 190T, hopf\u00e4llbart paraply med \u00e5tta paneler och handtag i ektr\u00e4. Inkluderar en p\u00e5se.<\/p>\n","protected":false},"excerpt":{"rendered":"<p>RPET 190T, hopf\u00e4llbart paraply med \u00e5tta paneler och handtag i ektr\u00e4. Inkluderar en p\u00e5se.<\/p>\n","protected":false},"featured_media":34765,"template":"","meta":{"_acf_changed":false,"_seopress_robots_primary_cat":"","_seopress_titles_title":"","_seopress_titles_desc":"","_seopress_robots_index":""},"product_brand":[],"product_cat":[15],"product_tag":[],"class_list":{"0":"post-34764","1":"product","2":"type-product","3":"status-publish","4":"has-post-thumbnail","6":"product_cat-okategoriserad","7":"atta45_taxonomy-reflexer-verktyg-sakerhet-biltillbehor-sv","8":"atta45_taxonomy-tema-inspiration-ogonblick-en-dag-i-parken-sv","9":"atta45_taxonomy-tema-inspiration-branscher-fordonsindustrin-sv","10":"atta45_taxonomy-fritid-sv","11":"atta45_taxonomy-tema-inspiration-grona-intryck-sv","12":"atta45_taxonomy-paraply-hopvikbara-paraply-sv","13":"atta45_taxonomy-tema-inspiration-sasong-host-sv","14":"atta45_taxonomy-nyheter-sv","15":"atta45_taxonomy-tema-inspiration-utvalda-produkter-nyheter-sv","16":"atta45_taxonomy-paraply-sv","17":"atta45_taxonomy-tema-inspiration-ogonblick-regniga-dagar-sv","18":"atta45_taxonomy-paraply-standard-paraplyer-sv","19":"atta45_taxonomy-tema-inspiration-sv","20":"atta45_taxonomy-tema-inspiration-sasong-var-sv","22":"first","23":"instock","24":"taxable","25":"shipping-taxable","26":"purchasable","27":"product-type-variable"},"acf":[],"_links":{"self":[{"href":"https:\/\/www.atta45.se\/e-butik\/wp-json\/wp\/v2\/product\/34764","targetHints":{"allow":["GET"]}}],"collection":[{"href":"https:\/\/www.atta45.se\/e-butik\/wp-json\/wp\/v2\/product"}],"about":[{"href":"https:\/\/www.atta45.se\/e-butik\/wp-json\/wp\/v2\/types\/product"}],"wp:featuredmedia":[{"embeddable":true,"href":"https:\/\/www.atta45.se\/e-butik\/wp-json\/wp\/v2\/media\/34765"}],"wp:attachment":[{"href":"https:\/\/www.atta45.se\/e-butik\/wp-json\/wp\/v2\/media?parent=34764"}],"wp:term":[{"taxonomy":"product_brand","embeddable":true,"href":"https:\/\/www.atta45.se\/e-butik\/wp-json\/wp\/v2\/product_brand?post=34764"},{"taxonomy":"product_cat","embeddable":true,"href":"https:\/\/www.atta45.se\/e-butik\/wp-json\/wp\/v2\/product_cat?post=34764"},{"taxonomy":"product_tag","embeddable":true,"href":"https:\/\/www.atta45.se\/e-butik\/wp-json\/wp\/v2\/product_tag?post=34764"}],"curies":[{"name":"wp","href":"https:\/\/api.w.org\/{rel}","templated":true}]}}