{"id":34640,"date":"2024-12-26T17:35:34","date_gmt":"2024-12-26T16:35:34","guid":{"rendered":"https:\/\/www.atta45.se\/e-butik\/?post_type=product&#038;p=34640"},"modified":"2025-11-05T17:31:49","modified_gmt":"2025-11-05T16:31:49","slug":"flaska-av-atervunnet-rostfritt-stal-500-ml-isaiah","status":"publish","type":"product","link":"https:\/\/www.atta45.se\/e-butik\/produkt\/flaska-av-atervunnet-rostfritt-stal-500-ml-isaiah\/","title":{"rendered":"Flaska av \u00e5tervunnet rostfritt st\u00e5l (500 ml) Isaiah"},"content":{"rendered":"<p>Flaska av \u00e5tervunnet rostfritt st\u00e5l (s\/s304), rymmer 500 ml, med dubbelv\u00e4gg och matt yta. Individuellt f\u00f6rpackad i brun kartong.<\/p>\n","protected":false},"excerpt":{"rendered":"<p>Flaska av \u00e5tervunnet rostfritt st\u00e5l (s\/s304), rymmer 500 ml, med dubbelv\u00e4gg och matt yta. Individuellt f\u00f6rpackad i brun kartong.<\/p>\n","protected":false},"featured_media":34653,"template":"","meta":{"_acf_changed":false,"_seopress_robots_primary_cat":"none","_seopress_titles_title":"","_seopress_titles_desc":"","_seopress_robots_index":""},"product_brand":[],"product_cat":[15],"product_tag":[],"class_list":{"0":"post-34640","1":"product","2":"type-product","3":"status-publish","4":"has-post-thumbnail","6":"product_cat-okategoriserad","7":"atta45_taxonomy-tema-inspiration-speciella-trycktekniker-360-fullfargstryck-sv","8":"atta45_taxonomy-tema-inspiration-speciella-trycktekniker-360-laser-sv","9":"atta45_taxonomy-flaskor-sv","10":"atta45_taxonomy-tema-inspiration-grona-intryck-sv","11":"atta45_taxonomy-tema-inspiration-speciella-trycktekniker-name-it-sv","12":"atta45_taxonomy-tema-inspiration-speciella-trycktekniker-mega-laser-sv","13":"atta45_taxonomy-tema-inspiration-ogonblick-pa-vagen-sv","14":"atta45_taxonomy-tema-inspiration-speciella-trycktekniker-sv","15":"atta45_taxonomy-tema-inspiration-sv","16":"atta45_taxonomy-fritid-vattenflaskor-sv","18":"first","19":"instock","20":"taxable","21":"shipping-taxable","22":"purchasable","23":"product-type-variable"},"acf":[],"_links":{"self":[{"href":"https:\/\/www.atta45.se\/e-butik\/wp-json\/wp\/v2\/product\/34640","targetHints":{"allow":["GET"]}}],"collection":[{"href":"https:\/\/www.atta45.se\/e-butik\/wp-json\/wp\/v2\/product"}],"about":[{"href":"https:\/\/www.atta45.se\/e-butik\/wp-json\/wp\/v2\/types\/product"}],"wp:featuredmedia":[{"embeddable":true,"href":"https:\/\/www.atta45.se\/e-butik\/wp-json\/wp\/v2\/media\/34653"}],"wp:attachment":[{"href":"https:\/\/www.atta45.se\/e-butik\/wp-json\/wp\/v2\/media?parent=34640"}],"wp:term":[{"taxonomy":"product_brand","embeddable":true,"href":"https:\/\/www.atta45.se\/e-butik\/wp-json\/wp\/v2\/product_brand?post=34640"},{"taxonomy":"product_cat","embeddable":true,"href":"https:\/\/www.atta45.se\/e-butik\/wp-json\/wp\/v2\/product_cat?post=34640"},{"taxonomy":"product_tag","embeddable":true,"href":"https:\/\/www.atta45.se\/e-butik\/wp-json\/wp\/v2\/product_tag?post=34640"}],"curies":[{"name":"wp","href":"https:\/\/api.w.org\/{rel}","templated":true}]}}