{"id":34622,"date":"2024-12-26T17:35:26","date_gmt":"2024-12-26T16:35:26","guid":{"rendered":"https:\/\/www.atta45.se\/e-butik\/?post_type=product&#038;p=34622"},"modified":"2025-10-27T16:50:31","modified_gmt":"2025-10-27T15:50:31","slug":"resemugg-i-rostfritt-stal-300-ml-sophia","status":"publish","type":"product","link":"https:\/\/www.atta45.se\/e-butik\/produkt\/resemugg-i-rostfritt-stal-300-ml-sophia\/","title":{"rendered":"Resemugg i rostfritt st\u00e5l (300 ml) Sophia"},"content":{"rendered":"<p>Resemugg i rostfritt st\u00e5l (300 ml) med PP p\u00e5 insidan samt lock av PS. Med bambu i botten som kan diskas f\u00f6r hand. Levereas i brun g\u00e5vokartong.<\/p>\n","protected":false},"excerpt":{"rendered":"<p>Resemugg i rostfritt st\u00e5l (300 ml) med PP p\u00e5 insidan samt lock av PS. Med bambu i botten som kan diskas f\u00f6r hand. Levereas i brun g\u00e5vokartong.<\/p>\n","protected":false},"featured_media":34623,"template":"","meta":{"_acf_changed":false,"_seopress_robots_primary_cat":"","_seopress_titles_title":"","_seopress_titles_desc":"","_seopress_robots_index":""},"product_brand":[],"product_cat":[15],"product_tag":[],"class_list":{"0":"post-34622","1":"product","2":"type-product","3":"status-publish","4":"has-post-thumbnail","6":"product_cat-okategoriserad","7":"atta45_taxonomy-tema-inspiration-grona-intryck-bambu-sv","8":"atta45_taxonomy-reflexer-verktyg-sakerhet-biltillbehor-sv","9":"atta45_taxonomy-tema-inspiration-grona-intryck-eco-basic-sv","10":"atta45_taxonomy-flaskor-sv","11":"atta45_taxonomy-tema-inspiration-branscher-fordonsindustrin-sv","12":"atta45_taxonomy-tema-inspiration-grona-intryck-sv","13":"atta45_taxonomy-tema-inspiration-ogonblick-kontorsliv-sv","14":"atta45_taxonomy-hem-hushall-koppar-sv","15":"atta45_taxonomy-muggar-koppar-sv","16":"atta45_taxonomy-tema-inspiration-speciella-trycktekniker-name-it-sv","17":"atta45_taxonomy-tema-inspiration-speciella-trycktekniker-mega-laser-sv","18":"atta45_taxonomy-hem-hushall-muggar-sv","19":"atta45_taxonomy-muggar-muggar-sv","20":"atta45_taxonomy-fritid-muggar-koppar-sv","21":"atta45_taxonomy-tema-inspiration-ogonblick-pa-vagen-sv","22":"atta45_taxonomy-tema-inspiration-speciella-trycktekniker-sv","23":"atta45_taxonomy-tema-inspiration-sv","24":"atta45_taxonomy-fritid-vattenflaskor-sv","26":"first","27":"instock","28":"taxable","29":"shipping-taxable","30":"purchasable","31":"product-type-variable"},"acf":[],"_links":{"self":[{"href":"https:\/\/www.atta45.se\/e-butik\/wp-json\/wp\/v2\/product\/34622","targetHints":{"allow":["GET"]}}],"collection":[{"href":"https:\/\/www.atta45.se\/e-butik\/wp-json\/wp\/v2\/product"}],"about":[{"href":"https:\/\/www.atta45.se\/e-butik\/wp-json\/wp\/v2\/types\/product"}],"wp:featuredmedia":[{"embeddable":true,"href":"https:\/\/www.atta45.se\/e-butik\/wp-json\/wp\/v2\/media\/34623"}],"wp:attachment":[{"href":"https:\/\/www.atta45.se\/e-butik\/wp-json\/wp\/v2\/media?parent=34622"}],"wp:term":[{"taxonomy":"product_brand","embeddable":true,"href":"https:\/\/www.atta45.se\/e-butik\/wp-json\/wp\/v2\/product_brand?post=34622"},{"taxonomy":"product_cat","embeddable":true,"href":"https:\/\/www.atta45.se\/e-butik\/wp-json\/wp\/v2\/product_cat?post=34622"},{"taxonomy":"product_tag","embeddable":true,"href":"https:\/\/www.atta45.se\/e-butik\/wp-json\/wp\/v2\/product_tag?post=34622"}],"curies":[{"name":"wp","href":"https:\/\/api.w.org\/{rel}","templated":true}]}}