{"id":34570,"date":"2024-12-26T17:35:06","date_gmt":"2024-12-26T16:35:06","guid":{"rendered":"https:\/\/www.atta45.se\/e-butik\/?post_type=product&#038;p=34570"},"modified":"2025-10-27T16:38:23","modified_gmt":"2025-10-27T15:38:23","slug":"flaska-av-rostfritt-stal-1000-ml-med-dubbla-vaggar-damien","status":"publish","type":"product","link":"https:\/\/www.atta45.se\/e-butik\/produkt\/flaska-av-rostfritt-stal-1000-ml-med-dubbla-vaggar-damien\/","title":{"rendered":"Flaska av rostfritt st\u00e5l (1000 ml) med dubbla v\u00e4ggar Damien"},"content":{"rendered":"<p>Flaska med dubbla v\u00e4ggar av rostfritt st\u00e5l (1000 ml) med b\u00e4rhandtag p\u00e5 locket samt detaljer av bambu. Varma drycker h\u00e5ller sig varma upp till 12 timmar, kalla drycker h\u00e5ller sig kalla upp till 18 timmar.<\/p>\n","protected":false},"excerpt":{"rendered":"<p>Flaska med dubbla v\u00e4ggar av rostfritt st\u00e5l (1000 ml) med b\u00e4rhandtag p\u00e5 locket samt detaljer av bambu. Varma drycker h\u00e5ller sig varma upp till 12 timmar, kalla drycker h\u00e5ller sig kalla upp till 18 timmar.<\/p>\n","protected":false},"featured_media":34571,"template":"","meta":{"_acf_changed":false,"_seopress_robots_primary_cat":"","_seopress_titles_title":"","_seopress_titles_desc":"","_seopress_robots_index":""},"product_brand":[],"product_cat":[15],"product_tag":[],"class_list":{"0":"post-34570","1":"product","2":"type-product","3":"status-publish","4":"has-post-thumbnail","6":"product_cat-okategoriserad","7":"atta45_taxonomy-tema-inspiration-speciella-trycktekniker-360-fullfargstryck-sv","8":"atta45_taxonomy-tema-inspiration-speciella-trycktekniker-360-laser-sv","9":"atta45_taxonomy-tema-inspiration-grona-intryck-bambu-sv","10":"atta45_taxonomy-tema-inspiration-grona-intryck-eco-basic-sv","11":"atta45_taxonomy-flaskor-sv","12":"atta45_taxonomy-tema-inspiration-grona-intryck-sv","13":"atta45_taxonomy-tema-inspiration-speciella-trycktekniker-name-it-sv","14":"atta45_taxonomy-tema-inspiration-speciella-trycktekniker-mega-laser-sv","15":"atta45_taxonomy-tema-inspiration-speciella-trycktekniker-sv","16":"atta45_taxonomy-fritid-vattenflaskor-sv","18":"first","19":"instock","20":"taxable","21":"shipping-taxable","22":"purchasable","23":"product-type-variable"},"acf":[],"_links":{"self":[{"href":"https:\/\/www.atta45.se\/e-butik\/wp-json\/wp\/v2\/product\/34570","targetHints":{"allow":["GET"]}}],"collection":[{"href":"https:\/\/www.atta45.se\/e-butik\/wp-json\/wp\/v2\/product"}],"about":[{"href":"https:\/\/www.atta45.se\/e-butik\/wp-json\/wp\/v2\/types\/product"}],"wp:featuredmedia":[{"embeddable":true,"href":"https:\/\/www.atta45.se\/e-butik\/wp-json\/wp\/v2\/media\/34571"}],"wp:attachment":[{"href":"https:\/\/www.atta45.se\/e-butik\/wp-json\/wp\/v2\/media?parent=34570"}],"wp:term":[{"taxonomy":"product_brand","embeddable":true,"href":"https:\/\/www.atta45.se\/e-butik\/wp-json\/wp\/v2\/product_brand?post=34570"},{"taxonomy":"product_cat","embeddable":true,"href":"https:\/\/www.atta45.se\/e-butik\/wp-json\/wp\/v2\/product_cat?post=34570"},{"taxonomy":"product_tag","embeddable":true,"href":"https:\/\/www.atta45.se\/e-butik\/wp-json\/wp\/v2\/product_tag?post=34570"}],"curies":[{"name":"wp","href":"https:\/\/api.w.org\/{rel}","templated":true}]}}