{"id":34482,"date":"2024-12-26T17:34:30","date_gmt":"2024-12-26T16:34:30","guid":{"rendered":"https:\/\/www.atta45.se\/e-butik\/?post_type=product&#038;p=34482"},"modified":"2025-10-27T15:54:11","modified_gmt":"2025-10-27T14:54:11","slug":"resemugg-i-bambu-400-ml","status":"publish","type":"product","link":"https:\/\/www.atta45.se\/e-butik\/produkt\/resemugg-i-bambu-400-ml\/","title":{"rendered":"Resemugg bambu och rostfritt st\u00e5l Sabine"},"content":{"rendered":"<p>Resemugg i bambu och rostfritt st\u00e5l (400 ml), dubbla v\u00e4ggar. Med lock i PP.<\/p>\n","protected":false},"excerpt":{"rendered":"<p>Resemugg i bambu och rostfritt st\u00e5l (400 ml), dubbla v\u00e4ggar. Med lock i PP.<\/p>\n","protected":false},"featured_media":34483,"template":"","meta":{"_acf_changed":false,"_seopress_robots_primary_cat":"","_seopress_titles_title":"","_seopress_titles_desc":"","_seopress_robots_index":""},"product_brand":[],"product_cat":[15],"product_tag":[],"class_list":{"0":"post-34482","1":"product","2":"type-product","3":"status-publish","4":"has-post-thumbnail","6":"product_cat-okategoriserad","7":"atta45_taxonomy-tema-inspiration-grona-intryck-bambu-sv","8":"atta45_taxonomy-tema-inspiration-grona-intryck-eco-basic-sv","9":"atta45_taxonomy-tema-inspiration-ogonblick-en-gron-planet-sv","10":"atta45_taxonomy-flaskor-sv","11":"atta45_taxonomy-tema-inspiration-grona-intryck-sv","12":"atta45_taxonomy-tema-inspiration-sv","13":"atta45_taxonomy-fritid-termos-sv","14":"atta45_taxonomy-hem-hushall-termos-sv","15":"atta45_taxonomy-fritid-vattenflaskor-sv","17":"first","18":"instock","19":"taxable","20":"shipping-taxable","21":"purchasable","22":"product-type-variable"},"acf":[],"_links":{"self":[{"href":"https:\/\/www.atta45.se\/e-butik\/wp-json\/wp\/v2\/product\/34482","targetHints":{"allow":["GET"]}}],"collection":[{"href":"https:\/\/www.atta45.se\/e-butik\/wp-json\/wp\/v2\/product"}],"about":[{"href":"https:\/\/www.atta45.se\/e-butik\/wp-json\/wp\/v2\/types\/product"}],"wp:featuredmedia":[{"embeddable":true,"href":"https:\/\/www.atta45.se\/e-butik\/wp-json\/wp\/v2\/media\/34483"}],"wp:attachment":[{"href":"https:\/\/www.atta45.se\/e-butik\/wp-json\/wp\/v2\/media?parent=34482"}],"wp:term":[{"taxonomy":"product_brand","embeddable":true,"href":"https:\/\/www.atta45.se\/e-butik\/wp-json\/wp\/v2\/product_brand?post=34482"},{"taxonomy":"product_cat","embeddable":true,"href":"https:\/\/www.atta45.se\/e-butik\/wp-json\/wp\/v2\/product_cat?post=34482"},{"taxonomy":"product_tag","embeddable":true,"href":"https:\/\/www.atta45.se\/e-butik\/wp-json\/wp\/v2\/product_tag?post=34482"}],"curies":[{"name":"wp","href":"https:\/\/api.w.org\/{rel}","templated":true}]}}