{"id":34444,"date":"2024-12-26T17:34:16","date_gmt":"2024-12-26T16:34:16","guid":{"rendered":"https:\/\/www.atta45.se\/e-butik\/?post_type=product&#038;p=34444"},"modified":"2025-10-27T15:53:43","modified_gmt":"2025-10-27T14:53:43","slug":"vattenflaska-marcel-i-tritan-500-ml","status":"publish","type":"product","link":"https:\/\/www.atta45.se\/e-butik\/produkt\/vattenflaska-marcel-i-tritan-500-ml\/","title":{"rendered":"Vattenflaska Marcel i tritan (500 ml)"},"content":{"rendered":"<p>L\u00e4ckages\u00e4ker vattenflaska av tritan (500 ml). Korken \u00e4r tillverkad av rostfritt st\u00e5l och har ett handledsband.<\/p>\n","protected":false},"excerpt":{"rendered":"<p>L\u00e4ckages\u00e4ker vattenflaska av tritan (500 ml). Korken \u00e4r tillverkad av rostfritt st\u00e5l och har ett handledsband.<\/p>\n","protected":false},"featured_media":34445,"template":"","meta":{"_acf_changed":false,"_seopress_robots_primary_cat":"none","_seopress_titles_title":"","_seopress_titles_desc":"","_seopress_robots_index":""},"product_brand":[],"product_cat":[15],"product_tag":[],"class_list":{"0":"post-34444","1":"product","2":"type-product","3":"status-publish","4":"has-post-thumbnail","6":"product_cat-okategoriserad","7":"atta45_taxonomy-flaskor-sv","8":"atta45_taxonomy-tema-inspiration-ogonblick-skoldags-sv","9":"atta45_taxonomy-tema-inspiration-sv","10":"atta45_taxonomy-fritid-vattenflaskor-sv","12":"first","13":"instock","14":"featured","15":"taxable","16":"shipping-taxable","17":"purchasable","18":"product-type-variable"},"acf":[],"_links":{"self":[{"href":"https:\/\/www.atta45.se\/e-butik\/wp-json\/wp\/v2\/product\/34444","targetHints":{"allow":["GET"]}}],"collection":[{"href":"https:\/\/www.atta45.se\/e-butik\/wp-json\/wp\/v2\/product"}],"about":[{"href":"https:\/\/www.atta45.se\/e-butik\/wp-json\/wp\/v2\/types\/product"}],"wp:featuredmedia":[{"embeddable":true,"href":"https:\/\/www.atta45.se\/e-butik\/wp-json\/wp\/v2\/media\/34445"}],"wp:attachment":[{"href":"https:\/\/www.atta45.se\/e-butik\/wp-json\/wp\/v2\/media?parent=34444"}],"wp:term":[{"taxonomy":"product_brand","embeddable":true,"href":"https:\/\/www.atta45.se\/e-butik\/wp-json\/wp\/v2\/product_brand?post=34444"},{"taxonomy":"product_cat","embeddable":true,"href":"https:\/\/www.atta45.se\/e-butik\/wp-json\/wp\/v2\/product_cat?post=34444"},{"taxonomy":"product_tag","embeddable":true,"href":"https:\/\/www.atta45.se\/e-butik\/wp-json\/wp\/v2\/product_tag?post=34444"}],"curies":[{"name":"wp","href":"https:\/\/api.w.org\/{rel}","templated":true}]}}