{"id":34430,"date":"2024-12-26T17:34:08","date_gmt":"2024-12-26T16:34:08","guid":{"rendered":"https:\/\/www.atta45.se\/e-butik\/?post_type=product&#038;p=34430"},"modified":"2025-10-27T15:50:32","modified_gmt":"2025-10-27T14:50:32","slug":"termos-i-bambu-420-ml","status":"publish","type":"product","link":"https:\/\/www.atta45.se\/e-butik\/produkt\/termos-i-bambu-420-ml\/","title":{"rendered":"Termos med dubbelv\u00e4gg i bambu och rostfritt st\u00e5l (420 ml) Yara"},"content":{"rendered":"<p>Termos i bambu och rostfritt st\u00e5l (420 ml), dubbla v\u00e4ggar. Med h\u00e5llare i metall f\u00f6r smaks\u00e4ttning och te.<\/p>\n","protected":false},"excerpt":{"rendered":"<p>Termos i bambu och rostfritt st\u00e5l (420 ml), dubbla v\u00e4ggar. Med h\u00e5llare i metall f\u00f6r smaks\u00e4ttning och te.<\/p>\n","protected":false},"featured_media":34431,"template":"","meta":{"_acf_changed":false,"_seopress_robots_primary_cat":"","_seopress_titles_title":"","_seopress_titles_desc":"","_seopress_robots_index":""},"product_brand":[],"product_cat":[15],"product_tag":[],"class_list":{"0":"post-34430","1":"product","2":"type-product","3":"status-publish","4":"has-post-thumbnail","6":"product_cat-okategoriserad","7":"atta45_taxonomy-tema-inspiration-grona-intryck-bambu-sv","8":"atta45_taxonomy-tema-inspiration-grona-intryck-eco-basic-sv","9":"atta45_taxonomy-tema-inspiration-ogonblick-en-gron-planet-sv","10":"atta45_taxonomy-flaskor-sv","11":"atta45_taxonomy-tema-inspiration-grona-intryck-sv","12":"atta45_taxonomy-tema-inspiration-speciella-trycktekniker-sv","13":"atta45_taxonomy-tema-inspiration-sv","14":"atta45_taxonomy-hem-hushall-termos-sv","15":"atta45_taxonomy-fritid-termos-sv","16":"atta45_taxonomy-fritid-vattenflaskor-sv","18":"first","19":"instock","20":"taxable","21":"shipping-taxable","22":"purchasable","23":"product-type-variable"},"acf":[],"_links":{"self":[{"href":"https:\/\/www.atta45.se\/e-butik\/wp-json\/wp\/v2\/product\/34430","targetHints":{"allow":["GET"]}}],"collection":[{"href":"https:\/\/www.atta45.se\/e-butik\/wp-json\/wp\/v2\/product"}],"about":[{"href":"https:\/\/www.atta45.se\/e-butik\/wp-json\/wp\/v2\/types\/product"}],"wp:featuredmedia":[{"embeddable":true,"href":"https:\/\/www.atta45.se\/e-butik\/wp-json\/wp\/v2\/media\/34431"}],"wp:attachment":[{"href":"https:\/\/www.atta45.se\/e-butik\/wp-json\/wp\/v2\/media?parent=34430"}],"wp:term":[{"taxonomy":"product_brand","embeddable":true,"href":"https:\/\/www.atta45.se\/e-butik\/wp-json\/wp\/v2\/product_brand?post=34430"},{"taxonomy":"product_cat","embeddable":true,"href":"https:\/\/www.atta45.se\/e-butik\/wp-json\/wp\/v2\/product_cat?post=34430"},{"taxonomy":"product_tag","embeddable":true,"href":"https:\/\/www.atta45.se\/e-butik\/wp-json\/wp\/v2\/product_tag?post=34430"}],"curies":[{"name":"wp","href":"https:\/\/api.w.org\/{rel}","templated":true}]}}