{"id":34400,"date":"2024-12-26T17:33:58","date_gmt":"2024-12-26T16:33:58","guid":{"rendered":"https:\/\/www.atta45.se\/e-butik\/?post_type=product&#038;p=34400"},"modified":"2025-10-27T15:43:40","modified_gmt":"2025-10-27T14:43:40","slug":"vattenflaska-i-tritan-med-behallare-for-smaksattning-700-ml","status":"publish","type":"product","link":"https:\/\/www.atta45.se\/e-butik\/produkt\/vattenflaska-i-tritan-med-behallare-for-smaksattning-700-ml\/","title":{"rendered":"Vattenflaska i tritan med beh\u00e5llare f\u00f6r smaks\u00e4ttning (700 ml)"},"content":{"rendered":"<p>Vattenflaska i tritan (700 ml) med beh\u00e5llare f\u00f6r frukt som smaks\u00e4ttare. Skruvkorken har en kork med sn\u00e4pplock, enkel att dricka ur.<\/p>\n","protected":false},"excerpt":{"rendered":"<p>Vattenflaska i tritan (700 ml) med beh\u00e5llare f\u00f6r frukt som smaks\u00e4ttare. Skruvkorken har en kork med sn\u00e4pplock, enkel att dricka ur.<\/p>\n","protected":false},"featured_media":34401,"template":"","meta":{"_acf_changed":false,"_seopress_robots_primary_cat":"none","_seopress_titles_title":"","_seopress_titles_desc":"","_seopress_robots_index":""},"product_brand":[],"product_cat":[15],"product_tag":[],"class_list":{"0":"post-34400","1":"product","2":"type-product","3":"status-publish","4":"has-post-thumbnail","6":"product_cat-okategoriserad","7":"atta45_taxonomy-flaskor-sv","8":"atta45_taxonomy-tema-inspiration-sasong-sv","9":"atta45_taxonomy-tema-inspiration-sasong-sommar-sv","10":"atta45_taxonomy-tema-inspiration-sv","11":"atta45_taxonomy-tema-inspiration-sasong-var-sv","12":"atta45_taxonomy-fritid-vattenflaskor-sv","14":"first","15":"instock","16":"featured","17":"taxable","18":"shipping-taxable","19":"purchasable","20":"product-type-variable"},"acf":[],"_links":{"self":[{"href":"https:\/\/www.atta45.se\/e-butik\/wp-json\/wp\/v2\/product\/34400","targetHints":{"allow":["GET"]}}],"collection":[{"href":"https:\/\/www.atta45.se\/e-butik\/wp-json\/wp\/v2\/product"}],"about":[{"href":"https:\/\/www.atta45.se\/e-butik\/wp-json\/wp\/v2\/types\/product"}],"wp:featuredmedia":[{"embeddable":true,"href":"https:\/\/www.atta45.se\/e-butik\/wp-json\/wp\/v2\/media\/34401"}],"wp:attachment":[{"href":"https:\/\/www.atta45.se\/e-butik\/wp-json\/wp\/v2\/media?parent=34400"}],"wp:term":[{"taxonomy":"product_brand","embeddable":true,"href":"https:\/\/www.atta45.se\/e-butik\/wp-json\/wp\/v2\/product_brand?post=34400"},{"taxonomy":"product_cat","embeddable":true,"href":"https:\/\/www.atta45.se\/e-butik\/wp-json\/wp\/v2\/product_cat?post=34400"},{"taxonomy":"product_tag","embeddable":true,"href":"https:\/\/www.atta45.se\/e-butik\/wp-json\/wp\/v2\/product_tag?post=34400"}],"curies":[{"name":"wp","href":"https:\/\/api.w.org\/{rel}","templated":true}]}}