{"id":343991,"date":"2025-04-18T17:01:16","date_gmt":"2025-04-18T15:01:16","guid":{"rendered":"https:\/\/www.atta45.se\/e-butik\/produkt\/americano-duo-2\/"},"modified":"2025-10-27T17:35:56","modified_gmt":"2025-10-27T16:35:56","slug":"americano-duo-2","status":"publish","type":"product","link":"https:\/\/www.atta45.se\/e-butik\/produkt\/americano-duo-2\/","title":{"rendered":"Mugg Americano Duo"},"content":{"rendered":"<p>En klassiker n\u00e4r det kommer till promotionmuggar. Stor kapacitet, och h\u00e4rlig design. En ekonomiversion av stors\u00e4ljaren Americano EU<\/p>\n","protected":false},"excerpt":{"rendered":"<p>En klassiker n\u00e4r det kommer till promotionmuggar. Stor kapacitet, och h\u00e4rlig design. En ekonomiversion av stors\u00e4ljaren Americano EU<\/p>\n","protected":false},"featured_media":306507,"template":"","meta":{"_acf_changed":false,"_seopress_robots_primary_cat":"","_seopress_titles_title":"","_seopress_titles_desc":"","_seopress_robots_index":""},"product_brand":[],"product_cat":[15],"product_tag":[],"class_list":{"0":"post-343991","1":"product","2":"type-product","3":"status-publish","4":"has-post-thumbnail","6":"product_cat-okategoriserad","7":"atta45_taxonomy-tema-inspiration-varumarken-cupline-sv","8":"atta45_taxonomy-hem-hushall-muggar-sv","9":"atta45_taxonomy-muggar-muggar-sv","11":"first","12":"instock","13":"taxable","14":"shipping-taxable","15":"purchasable","16":"product-type-variable"},"acf":[],"_links":{"self":[{"href":"https:\/\/www.atta45.se\/e-butik\/wp-json\/wp\/v2\/product\/343991","targetHints":{"allow":["GET"]}}],"collection":[{"href":"https:\/\/www.atta45.se\/e-butik\/wp-json\/wp\/v2\/product"}],"about":[{"href":"https:\/\/www.atta45.se\/e-butik\/wp-json\/wp\/v2\/types\/product"}],"wp:featuredmedia":[{"embeddable":true,"href":"https:\/\/www.atta45.se\/e-butik\/wp-json\/wp\/v2\/media\/306507"}],"wp:attachment":[{"href":"https:\/\/www.atta45.se\/e-butik\/wp-json\/wp\/v2\/media?parent=343991"}],"wp:term":[{"taxonomy":"product_brand","embeddable":true,"href":"https:\/\/www.atta45.se\/e-butik\/wp-json\/wp\/v2\/product_brand?post=343991"},{"taxonomy":"product_cat","embeddable":true,"href":"https:\/\/www.atta45.se\/e-butik\/wp-json\/wp\/v2\/product_cat?post=343991"},{"taxonomy":"product_tag","embeddable":true,"href":"https:\/\/www.atta45.se\/e-butik\/wp-json\/wp\/v2\/product_tag?post=343991"}],"curies":[{"name":"wp","href":"https:\/\/api.w.org\/{rel}","templated":true}]}}