{"id":343987,"date":"2025-04-18T16:59:14","date_gmt":"2025-04-18T14:59:14","guid":{"rendered":"https:\/\/www.atta45.se\/e-butik\/produkt\/freddo-eu-plus-med-band-x-4-cm\/"},"modified":"2025-10-27T17:19:07","modified_gmt":"2025-10-27T16:19:07","slug":"freddo-eu-plus-med-band-x-4-cm","status":"publish","type":"product","link":"https:\/\/www.atta45.se\/e-butik\/produkt\/freddo-eu-plus-med-band-x-4-cm\/","title":{"rendered":"Mugg Freddo EU Plus (med band x 4 cm)"},"content":{"rendered":"<p>Mellanstor reklammugg i porslin utan handtag. De 40 mm breda banden finns i 7 f\u00e4rger: vit, orange, r\u00f6d, gr\u00f6n, marinbl\u00e5, brun och svart.<\/p>\n","protected":false},"excerpt":{"rendered":"<p>Mellanstor reklammugg i porslin utan handtag. De 40 mm breda banden finns i 7 f\u00e4rger: vit, orange, r\u00f6d, gr\u00f6n, marinbl\u00e5, brun och svart.<\/p>\n","protected":false},"featured_media":306496,"template":"","meta":{"_acf_changed":false,"_seopress_robots_primary_cat":"","_seopress_titles_title":"","_seopress_titles_desc":"","_seopress_robots_index":""},"product_brand":[],"product_cat":[15],"product_tag":[],"class_list":{"0":"post-343987","1":"product","2":"type-product","3":"status-publish","4":"has-post-thumbnail","6":"product_cat-okategoriserad","7":"atta45_taxonomy-tema-inspiration-varumarken-cupline-sv","8":"atta45_taxonomy-muggar-muggar-sv","9":"atta45_taxonomy-hem-hushall-muggar-sv","11":"first","12":"instock","13":"taxable","14":"shipping-taxable","15":"purchasable","16":"product-type-variable"},"acf":[],"_links":{"self":[{"href":"https:\/\/www.atta45.se\/e-butik\/wp-json\/wp\/v2\/product\/343987","targetHints":{"allow":["GET"]}}],"collection":[{"href":"https:\/\/www.atta45.se\/e-butik\/wp-json\/wp\/v2\/product"}],"about":[{"href":"https:\/\/www.atta45.se\/e-butik\/wp-json\/wp\/v2\/types\/product"}],"wp:featuredmedia":[{"embeddable":true,"href":"https:\/\/www.atta45.se\/e-butik\/wp-json\/wp\/v2\/media\/306496"}],"wp:attachment":[{"href":"https:\/\/www.atta45.se\/e-butik\/wp-json\/wp\/v2\/media?parent=343987"}],"wp:term":[{"taxonomy":"product_brand","embeddable":true,"href":"https:\/\/www.atta45.se\/e-butik\/wp-json\/wp\/v2\/product_brand?post=343987"},{"taxonomy":"product_cat","embeddable":true,"href":"https:\/\/www.atta45.se\/e-butik\/wp-json\/wp\/v2\/product_cat?post=343987"},{"taxonomy":"product_tag","embeddable":true,"href":"https:\/\/www.atta45.se\/e-butik\/wp-json\/wp\/v2\/product_tag?post=343987"}],"curies":[{"name":"wp","href":"https:\/\/api.w.org\/{rel}","templated":true}]}}