{"id":343952,"date":"2025-04-18T16:55:18","date_gmt":"2025-04-18T14:55:18","guid":{"rendered":"https:\/\/www.atta45.se\/e-butik\/produkt\/shoppingvaska-i-oeko-tex-bomull-220-g-m2-isaac\/"},"modified":"2025-10-27T20:42:17","modified_gmt":"2025-10-27T19:42:17","slug":"shoppingvaska-i-oeko-tex-bomull-220-g-m2-isaac","status":"publish","type":"product","link":"https:\/\/www.atta45.se\/e-butik\/produkt\/shoppingvaska-i-oeko-tex-bomull-220-g-m2-isaac\/","title":{"rendered":"Shoppingv\u00e4ska i Oeko-Tex bomull (220 g\/m2) Isaac"},"content":{"rendered":"<p>Oeko-Tex\u00ae shoppingv\u00e4ska i bomull (220gsm) med 10 cm kil. F\u00e4rgad bomull. Maximal b\u00e4rvikt: ca. 8 kg. Inkluderar Oeko-Tex\u00ae-etikett.<\/p>\n","protected":false},"excerpt":{"rendered":"<p>Oeko-Tex\u00ae shoppingv\u00e4ska i bomull (220gsm) med 10 cm kil. F\u00e4rgad bomull. Maximal b\u00e4rvikt: ca. 8 kg. Inkluderar Oeko-Tex\u00ae-etikett.<\/p>\n","protected":false},"featured_media":303957,"template":"","meta":{"_acf_changed":false,"_seopress_robots_primary_cat":"","_seopress_titles_title":"","_seopress_titles_desc":"","_seopress_robots_index":""},"product_brand":[],"product_cat":[15],"product_tag":[],"class_list":{"0":"post-343952","1":"product","2":"type-product","3":"status-publish","4":"has-post-thumbnail","6":"product_cat-okategoriserad","7":"atta45_taxonomy-tema-inspiration-grona-intryck-sv","8":"atta45_taxonomy-kassar-pasar-kassar-sv","9":"atta45_taxonomy-tema-inspiration-grona-intryck-kork-sv","10":"atta45_taxonomy-textil-vaskor-bagar-sv","11":"atta45_taxonomy-vaskor-resetillbehor-sv","13":"first","14":"instock","15":"taxable","16":"shipping-taxable","17":"purchasable","18":"product-type-variable"},"acf":[],"_links":{"self":[{"href":"https:\/\/www.atta45.se\/e-butik\/wp-json\/wp\/v2\/product\/343952","targetHints":{"allow":["GET"]}}],"collection":[{"href":"https:\/\/www.atta45.se\/e-butik\/wp-json\/wp\/v2\/product"}],"about":[{"href":"https:\/\/www.atta45.se\/e-butik\/wp-json\/wp\/v2\/types\/product"}],"wp:featuredmedia":[{"embeddable":true,"href":"https:\/\/www.atta45.se\/e-butik\/wp-json\/wp\/v2\/media\/303957"}],"wp:attachment":[{"href":"https:\/\/www.atta45.se\/e-butik\/wp-json\/wp\/v2\/media?parent=343952"}],"wp:term":[{"taxonomy":"product_brand","embeddable":true,"href":"https:\/\/www.atta45.se\/e-butik\/wp-json\/wp\/v2\/product_brand?post=343952"},{"taxonomy":"product_cat","embeddable":true,"href":"https:\/\/www.atta45.se\/e-butik\/wp-json\/wp\/v2\/product_cat?post=343952"},{"taxonomy":"product_tag","embeddable":true,"href":"https:\/\/www.atta45.se\/e-butik\/wp-json\/wp\/v2\/product_tag?post=343952"}],"curies":[{"name":"wp","href":"https:\/\/api.w.org\/{rel}","templated":true}]}}