{"id":34284,"date":"2024-12-26T17:33:13","date_gmt":"2024-12-26T16:33:13","guid":{"rendered":"https:\/\/www.atta45.se\/e-butik\/?post_type=product&#038;p=34284"},"modified":"2025-10-27T15:31:17","modified_gmt":"2025-10-27T14:31:17","slug":"keramikmugg-blair","status":"publish","type":"product","link":"https:\/\/www.atta45.se\/e-butik\/produkt\/keramikmugg-blair\/","title":{"rendered":"Mugg keramik Blair"},"content":{"rendered":"<p>Keramikmugg (300 ml) med f\u00e4rgdetaljer. Denna artikel \u00e4r s\u00e4rskilt l\u00e4mplig f\u00f6r sublimeringstryck.<\/p>\n","protected":false},"excerpt":{"rendered":"<p>Keramikmugg (300 ml) med f\u00e4rgdetaljer. Denna artikel \u00e4r s\u00e4rskilt l\u00e4mplig f\u00f6r sublimeringstryck.<\/p>\n","protected":false},"featured_media":34285,"template":"","meta":{"_acf_changed":false,"_seopress_robots_primary_cat":"","_seopress_titles_title":"","_seopress_titles_desc":"","_seopress_robots_index":""},"product_brand":[],"product_cat":[15],"product_tag":[],"class_list":{"0":"post-34284","1":"product","2":"type-product","3":"status-publish","4":"has-post-thumbnail","6":"product_cat-okategoriserad","7":"atta45_taxonomy-flaskor-sv","8":"atta45_taxonomy-tema-inspiration-sasong-host-sv","9":"atta45_taxonomy-hem-hushall-muggar-sv","10":"atta45_taxonomy-muggar-muggar-sv","11":"atta45_taxonomy-fritid-muggar-koppar-sv","12":"atta45_taxonomy-tema-inspiration-ogonblick-regniga-dagar-sv","13":"atta45_taxonomy-tema-inspiration-sasong-sv","14":"atta45_taxonomy-tema-inspiration-sv","15":"atta45_taxonomy-fritid-vattenflaskor-sv","16":"atta45_taxonomy-tema-inspiration-sasong-vinter-sv","18":"first","19":"instock","20":"taxable","21":"shipping-taxable","22":"purchasable","23":"product-type-variable"},"acf":[],"_links":{"self":[{"href":"https:\/\/www.atta45.se\/e-butik\/wp-json\/wp\/v2\/product\/34284","targetHints":{"allow":["GET"]}}],"collection":[{"href":"https:\/\/www.atta45.se\/e-butik\/wp-json\/wp\/v2\/product"}],"about":[{"href":"https:\/\/www.atta45.se\/e-butik\/wp-json\/wp\/v2\/types\/product"}],"wp:featuredmedia":[{"embeddable":true,"href":"https:\/\/www.atta45.se\/e-butik\/wp-json\/wp\/v2\/media\/34285"}],"wp:attachment":[{"href":"https:\/\/www.atta45.se\/e-butik\/wp-json\/wp\/v2\/media?parent=34284"}],"wp:term":[{"taxonomy":"product_brand","embeddable":true,"href":"https:\/\/www.atta45.se\/e-butik\/wp-json\/wp\/v2\/product_brand?post=34284"},{"taxonomy":"product_cat","embeddable":true,"href":"https:\/\/www.atta45.se\/e-butik\/wp-json\/wp\/v2\/product_cat?post=34284"},{"taxonomy":"product_tag","embeddable":true,"href":"https:\/\/www.atta45.se\/e-butik\/wp-json\/wp\/v2\/product_tag?post=34284"}],"curies":[{"name":"wp","href":"https:\/\/api.w.org\/{rel}","templated":true}]}}