{"id":34216,"date":"2024-12-26T17:32:50","date_gmt":"2024-12-26T16:32:50","guid":{"rendered":"https:\/\/www.atta45.se\/e-butik\/?post_type=product&#038;p=34216"},"modified":"2025-10-27T15:16:00","modified_gmt":"2025-10-27T14:16:00","slug":"flaska-i-rostfritt-stal-650-ml","status":"publish","type":"product","link":"https:\/\/www.atta45.se\/e-butik\/produkt\/flaska-i-rostfritt-stal-650-ml\/","title":{"rendered":"Flaska i rostfritt st\u00e5l (650 ml) Sumatra"},"content":{"rendered":"<p>Flaska (650 ml) i rostfritt st\u00e5l, enkel v\u00e4gg, med skruvkork.<\/p>\n","protected":false},"excerpt":{"rendered":"<p>Flaska (650 ml) i rostfritt st\u00e5l, enkel v\u00e4gg, med skruvkork.<\/p>\n","protected":false},"featured_media":34217,"template":"","meta":{"_acf_changed":false,"_seopress_robots_primary_cat":"none","_seopress_titles_title":"","_seopress_titles_desc":"","_seopress_robots_index":""},"product_brand":[],"product_cat":[15],"product_tag":[],"class_list":{"0":"post-34216","1":"product","2":"type-product","3":"status-publish","4":"has-post-thumbnail","6":"product_cat-okategoriserad","7":"atta45_taxonomy-tema-inspiration-speciella-trycktekniker-360-fullfargstryck-sv","8":"atta45_taxonomy-tema-inspiration-speciella-trycktekniker-360-laser-sv","9":"atta45_taxonomy-flaskor-sv","10":"atta45_taxonomy-tema-inspiration-speciella-trycktekniker-name-it-sv","11":"atta45_taxonomy-tema-inspiration-speciella-trycktekniker-mega-laser-sv","12":"atta45_taxonomy-tema-inspiration-utvalda-produkter-snabbleverans-sv","13":"atta45_taxonomy-tema-inspiration-speciella-trycktekniker-sv","14":"atta45_taxonomy-tema-inspiration-sv","15":"atta45_taxonomy-fritid-vattenflaskor-sv","16":"atta45_taxonomy-tema-inspiration-ogonblick-vinterlandskap-sv","18":"first","19":"instock","20":"featured","21":"taxable","22":"shipping-taxable","23":"purchasable","24":"product-type-variable"},"acf":[],"_links":{"self":[{"href":"https:\/\/www.atta45.se\/e-butik\/wp-json\/wp\/v2\/product\/34216","targetHints":{"allow":["GET"]}}],"collection":[{"href":"https:\/\/www.atta45.se\/e-butik\/wp-json\/wp\/v2\/product"}],"about":[{"href":"https:\/\/www.atta45.se\/e-butik\/wp-json\/wp\/v2\/types\/product"}],"wp:featuredmedia":[{"embeddable":true,"href":"https:\/\/www.atta45.se\/e-butik\/wp-json\/wp\/v2\/media\/34217"}],"wp:attachment":[{"href":"https:\/\/www.atta45.se\/e-butik\/wp-json\/wp\/v2\/media?parent=34216"}],"wp:term":[{"taxonomy":"product_brand","embeddable":true,"href":"https:\/\/www.atta45.se\/e-butik\/wp-json\/wp\/v2\/product_brand?post=34216"},{"taxonomy":"product_cat","embeddable":true,"href":"https:\/\/www.atta45.se\/e-butik\/wp-json\/wp\/v2\/product_cat?post=34216"},{"taxonomy":"product_tag","embeddable":true,"href":"https:\/\/www.atta45.se\/e-butik\/wp-json\/wp\/v2\/product_tag?post=34216"}],"curies":[{"name":"wp","href":"https:\/\/api.w.org\/{rel}","templated":true}]}}