{"id":342043,"date":"2025-04-18T15:50:17","date_gmt":"2025-04-18T13:50:17","guid":{"rendered":"https:\/\/www.atta45.se\/e-butik\/produkt\/prime-lsl-unisex-long-sleeve-polycotton-polo-shirt\/"},"modified":"2025-10-28T02:06:34","modified_gmt":"2025-10-28T01:06:34","slug":"prime-lsl-unisex-long-sleeve-polycotton-polo-shirt","status":"publish","type":"product","link":"https:\/\/www.atta45.se\/e-butik\/produkt\/prime-lsl-unisex-long-sleeve-polycotton-polo-shirt\/","title":{"rendered":"Polotr\u00f6ja &#8211; Unisex l\u00e5ng\u00e4rmad Polycotton Prime Lsl"},"content":{"rendered":"<p>UNISEX LONG SLEEVE POLYCOTTON POLO SHIRT (PRIME LSL)<\/p>\n<p>65% polyester &#8211; 35% Ringspun\u00a0cotton<br \/>1&#215;1 ribbed collar and cuffs<br \/>Neck tape<br \/>Long sleeves<br \/>Placket with 3 tone-on-tone buttons<br \/>Reinforced stitched on the shoulders<br \/>Cut and sewn<br \/>Spare button on the inner side seam<br \/>Piqu\u00e9 200<br \/>Available in: XS &#8211; 5XL<\/p>\n","protected":false},"excerpt":{"rendered":"<p>UNISEX LONG SLEEVE POLYCOTTON POLO SHIRT (PRIME LSL) 65% polyester &#8211; 35% Ringspun\u00a0cotton1&#215;1 ribbed collar and cuffsNeck tapeLong sleevesPlacket with 3 tone-on-tone buttonsReinforced stitched on the shouldersCut and sewnSpare button on the inner side seamPiqu\u00e9 200Available in: XS &#8211; 5XL<\/p>\n","protected":false},"featured_media":342184,"template":"","meta":{"_acf_changed":false,"_seopress_robots_primary_cat":"","_seopress_titles_title":"","_seopress_titles_desc":"","_seopress_robots_index":""},"product_brand":[],"product_cat":[15],"product_tag":[],"class_list":{"0":"post-342043","1":"product","2":"type-product","3":"status-publish","4":"has-post-thumbnail","6":"product_cat-okategoriserad","7":"atta45_taxonomy-textil-piketrojor-tennistrojor-sv","9":"first","10":"instock","11":"taxable","12":"shipping-taxable","13":"purchasable","14":"product-type-variable"},"acf":[],"_links":{"self":[{"href":"https:\/\/www.atta45.se\/e-butik\/wp-json\/wp\/v2\/product\/342043","targetHints":{"allow":["GET"]}}],"collection":[{"href":"https:\/\/www.atta45.se\/e-butik\/wp-json\/wp\/v2\/product"}],"about":[{"href":"https:\/\/www.atta45.se\/e-butik\/wp-json\/wp\/v2\/types\/product"}],"wp:featuredmedia":[{"embeddable":true,"href":"https:\/\/www.atta45.se\/e-butik\/wp-json\/wp\/v2\/media\/342184"}],"wp:attachment":[{"href":"https:\/\/www.atta45.se\/e-butik\/wp-json\/wp\/v2\/media?parent=342043"}],"wp:term":[{"taxonomy":"product_brand","embeddable":true,"href":"https:\/\/www.atta45.se\/e-butik\/wp-json\/wp\/v2\/product_brand?post=342043"},{"taxonomy":"product_cat","embeddable":true,"href":"https:\/\/www.atta45.se\/e-butik\/wp-json\/wp\/v2\/product_cat?post=342043"},{"taxonomy":"product_tag","embeddable":true,"href":"https:\/\/www.atta45.se\/e-butik\/wp-json\/wp\/v2\/product_tag?post=342043"}],"curies":[{"name":"wp","href":"https:\/\/api.w.org\/{rel}","templated":true}]}}