{"id":34192,"date":"2024-12-26T17:32:41","date_gmt":"2024-12-26T16:32:41","guid":{"rendered":"https:\/\/www.atta45.se\/e-butik\/?post_type=product&#038;p=34192"},"modified":"2025-10-27T15:05:15","modified_gmt":"2025-10-27T14:05:15","slug":"mugg-i-pp-och-rostfritt-stal-325-ml","status":"publish","type":"product","link":"https:\/\/www.atta45.se\/e-butik\/produkt\/mugg-i-pp-och-rostfritt-stal-325-ml\/","title":{"rendered":"Mugg i PP och rostfritt st\u00e5l (325 ml)"},"content":{"rendered":"<p>Mugg i rostfritt st\u00e5l och PP (325 ml). Muggen har transparent lock och en \u00f6ppning f\u00f6r att dricka som st\u00e4ngs med en glidventil.<\/p>\n","protected":false},"excerpt":{"rendered":"<p>Mugg i rostfritt st\u00e5l och PP (325 ml). Muggen har transparent lock och en \u00f6ppning f\u00f6r att dricka som st\u00e4ngs med en glidventil.<\/p>\n","protected":false},"featured_media":34193,"template":"","meta":{"_acf_changed":false,"_seopress_robots_primary_cat":"","_seopress_titles_title":"","_seopress_titles_desc":"","_seopress_robots_index":""},"product_brand":[],"product_cat":[15],"product_tag":[],"class_list":{"0":"post-34192","1":"product","2":"type-product","3":"status-publish","4":"has-post-thumbnail","6":"product_cat-okategoriserad","7":"atta45_taxonomy-flaskor-sv","8":"atta45_taxonomy-hem-hushall-koppar-sv","9":"atta45_taxonomy-muggar-koppar-sv","10":"atta45_taxonomy-tema-inspiration-speciella-trycktekniker-name-it-sv","11":"atta45_taxonomy-muggar-muggar-sv","12":"atta45_taxonomy-hem-hushall-muggar-sv","13":"atta45_taxonomy-fritid-termos-sv","14":"atta45_taxonomy-hem-hushall-termos-sv","15":"atta45_taxonomy-fritid-vattenflaskor-sv","17":"first","18":"instock","19":"taxable","20":"shipping-taxable","21":"purchasable","22":"product-type-variable"},"acf":[],"_links":{"self":[{"href":"https:\/\/www.atta45.se\/e-butik\/wp-json\/wp\/v2\/product\/34192","targetHints":{"allow":["GET"]}}],"collection":[{"href":"https:\/\/www.atta45.se\/e-butik\/wp-json\/wp\/v2\/product"}],"about":[{"href":"https:\/\/www.atta45.se\/e-butik\/wp-json\/wp\/v2\/types\/product"}],"wp:featuredmedia":[{"embeddable":true,"href":"https:\/\/www.atta45.se\/e-butik\/wp-json\/wp\/v2\/media\/34193"}],"wp:attachment":[{"href":"https:\/\/www.atta45.se\/e-butik\/wp-json\/wp\/v2\/media?parent=34192"}],"wp:term":[{"taxonomy":"product_brand","embeddable":true,"href":"https:\/\/www.atta45.se\/e-butik\/wp-json\/wp\/v2\/product_brand?post=34192"},{"taxonomy":"product_cat","embeddable":true,"href":"https:\/\/www.atta45.se\/e-butik\/wp-json\/wp\/v2\/product_cat?post=34192"},{"taxonomy":"product_tag","embeddable":true,"href":"https:\/\/www.atta45.se\/e-butik\/wp-json\/wp\/v2\/product_tag?post=34192"}],"curies":[{"name":"wp","href":"https:\/\/api.w.org\/{rel}","templated":true}]}}