{"id":33994,"date":"2024-12-26T17:31:25","date_gmt":"2024-12-26T16:31:25","guid":{"rendered":"https:\/\/www.atta45.se\/e-butik\/?post_type=product&#038;p=33994"},"modified":"2025-10-27T14:47:53","modified_gmt":"2025-10-27T13:47:53","slug":"resemugg-i-rostfritt-stal-med-dubbla-vaggar-350-ml","status":"publish","type":"product","link":"https:\/\/www.atta45.se\/e-butik\/produkt\/resemugg-i-rostfritt-stal-med-dubbla-vaggar-350-ml\/","title":{"rendered":"Resemugg i rostfritt st\u00e5l med dubbla v\u00e4ggar (350 ml) Rania"},"content":{"rendered":"<p>Resemugg (350 ml) i rostfritt st\u00e5l med dubbla v\u00e4ggar. Locket har en silikonring. Muggens undersida har anti-glid material.<\/p>\n","protected":false},"excerpt":{"rendered":"<p>Resemugg (350 ml) i rostfritt st\u00e5l med dubbla v\u00e4ggar. Locket har en silikonring. Muggens undersida har anti-glid material.<\/p>\n","protected":false},"featured_media":33995,"template":"","meta":{"_acf_changed":false,"_seopress_robots_primary_cat":"","_seopress_titles_title":"","_seopress_titles_desc":"","_seopress_robots_index":""},"product_brand":[],"product_cat":[15],"product_tag":[],"class_list":{"0":"post-33994","1":"product","2":"type-product","3":"status-publish","4":"has-post-thumbnail","6":"product_cat-okategoriserad","7":"atta45_taxonomy-flaskor-sv","8":"atta45_taxonomy-tema-inspiration-speciella-trycktekniker-mega-laser-sv","9":"atta45_taxonomy-muggar-muggar-sv","10":"atta45_taxonomy-hem-hushall-muggar-sv","11":"atta45_taxonomy-fritid-muggar-koppar-sv","12":"atta45_taxonomy-tema-inspiration-ogonblick-sommargladje-sv","13":"atta45_taxonomy-tema-inspiration-speciella-trycktekniker-sv","14":"atta45_taxonomy-tema-inspiration-sv","15":"atta45_taxonomy-hem-hushall-termos-sv","16":"atta45_taxonomy-fritid-termos-sv","17":"atta45_taxonomy-fritid-vattenflaskor-sv","19":"first","20":"instock","21":"taxable","22":"shipping-taxable","23":"purchasable","24":"product-type-variable"},"acf":[],"_links":{"self":[{"href":"https:\/\/www.atta45.se\/e-butik\/wp-json\/wp\/v2\/product\/33994","targetHints":{"allow":["GET"]}}],"collection":[{"href":"https:\/\/www.atta45.se\/e-butik\/wp-json\/wp\/v2\/product"}],"about":[{"href":"https:\/\/www.atta45.se\/e-butik\/wp-json\/wp\/v2\/types\/product"}],"wp:featuredmedia":[{"embeddable":true,"href":"https:\/\/www.atta45.se\/e-butik\/wp-json\/wp\/v2\/media\/33995"}],"wp:attachment":[{"href":"https:\/\/www.atta45.se\/e-butik\/wp-json\/wp\/v2\/media?parent=33994"}],"wp:term":[{"taxonomy":"product_brand","embeddable":true,"href":"https:\/\/www.atta45.se\/e-butik\/wp-json\/wp\/v2\/product_brand?post=33994"},{"taxonomy":"product_cat","embeddable":true,"href":"https:\/\/www.atta45.se\/e-butik\/wp-json\/wp\/v2\/product_cat?post=33994"},{"taxonomy":"product_tag","embeddable":true,"href":"https:\/\/www.atta45.se\/e-butik\/wp-json\/wp\/v2\/product_tag?post=33994"}],"curies":[{"name":"wp","href":"https:\/\/api.w.org\/{rel}","templated":true}]}}