{"id":33766,"date":"2024-12-26T17:30:04","date_gmt":"2024-12-26T16:30:04","guid":{"rendered":"https:\/\/www.atta45.se\/e-butik\/?post_type=product&#038;p=33766"},"modified":"2025-10-28T00:25:50","modified_gmt":"2025-10-27T23:25:50","slug":"atervinningsbar-vattenfaska-i-hdpe-500-ml","status":"publish","type":"product","link":"https:\/\/www.atta45.se\/e-butik\/produkt\/atervinningsbar-vattenfaska-i-hdpe-500-ml\/","title":{"rendered":"Vattenfaska \u00e5tervinningsbar i HDPE (500 ml)"},"content":{"rendered":"<p>100 % \u00e5tervinningsbar vattenflaska i HDPE (500 ml). Med utdragbar kork. Fyra r\u00e4fflor i flaskans sida f\u00f6r b\u00e4sta grepp. HDPE kan \u00e5tervinnas efter att flaskan inte l\u00e4ngre anv\u00e4nds.<\/p>\n","protected":false},"excerpt":{"rendered":"<p>100 % \u00e5tervinningsbar vattenflaska i HDPE (500 ml). Med utdragbar kork. Fyra r\u00e4fflor i flaskans sida f\u00f6r b\u00e4sta grepp. HDPE kan \u00e5tervinnas efter att flaskan inte l\u00e4ngre anv\u00e4nds.<\/p>\n","protected":false},"featured_media":33767,"template":"","meta":{"_acf_changed":false,"_seopress_robots_primary_cat":"","_seopress_titles_title":"","_seopress_titles_desc":"","_seopress_robots_index":""},"product_brand":[],"product_cat":[15],"product_tag":[],"class_list":{"0":"post-33766","1":"product","2":"type-product","3":"status-publish","4":"has-post-thumbnail","6":"product_cat-okategoriserad","7":"atta45_taxonomy-tema-inspiration-ogonblick-fargglad-lycka-sv","8":"atta45_taxonomy-flaskor-sv","9":"atta45_taxonomy-fritid-sv","10":"atta45_taxonomy-tema-inspiration-speciella-trycktekniker-name-it-sv","11":"atta45_taxonomy-tema-inspiration-sasong-sommar-sv","12":"atta45_taxonomy-tema-inspiration-speciella-trycktekniker-sv","13":"atta45_taxonomy-fritid-sportartiklar-sv","14":"atta45_taxonomy-tema-inspiration-sv","15":"atta45_taxonomy-fritid-vattenflaskor-sv","17":"first","18":"instock","19":"taxable","20":"shipping-taxable","21":"purchasable","22":"product-type-variable"},"acf":[],"_links":{"self":[{"href":"https:\/\/www.atta45.se\/e-butik\/wp-json\/wp\/v2\/product\/33766","targetHints":{"allow":["GET"]}}],"collection":[{"href":"https:\/\/www.atta45.se\/e-butik\/wp-json\/wp\/v2\/product"}],"about":[{"href":"https:\/\/www.atta45.se\/e-butik\/wp-json\/wp\/v2\/types\/product"}],"wp:featuredmedia":[{"embeddable":true,"href":"https:\/\/www.atta45.se\/e-butik\/wp-json\/wp\/v2\/media\/33767"}],"wp:attachment":[{"href":"https:\/\/www.atta45.se\/e-butik\/wp-json\/wp\/v2\/media?parent=33766"}],"wp:term":[{"taxonomy":"product_brand","embeddable":true,"href":"https:\/\/www.atta45.se\/e-butik\/wp-json\/wp\/v2\/product_brand?post=33766"},{"taxonomy":"product_cat","embeddable":true,"href":"https:\/\/www.atta45.se\/e-butik\/wp-json\/wp\/v2\/product_cat?post=33766"},{"taxonomy":"product_tag","embeddable":true,"href":"https:\/\/www.atta45.se\/e-butik\/wp-json\/wp\/v2\/product_tag?post=33766"}],"curies":[{"name":"wp","href":"https:\/\/api.w.org\/{rel}","templated":true}]}}