{"id":33714,"date":"2024-12-26T17:29:44","date_gmt":"2024-12-26T16:29:44","guid":{"rendered":"https:\/\/www.atta45.se\/e-butik\/?post_type=product&#038;p=33714"},"modified":"2025-10-28T00:24:34","modified_gmt":"2025-10-27T23:24:34","slug":"hopvikbar-vattenflaska-420-ml","status":"publish","type":"product","link":"https:\/\/www.atta45.se\/e-butik\/produkt\/hopvikbar-vattenflaska-420-ml\/","title":{"rendered":"Vattenflaska hopvikbar (420 ml) Bailey"},"content":{"rendered":"<p>Hopvikbar transparentf\u00e4rgad vattenflaska, 0,42 L, med karbinhake. Tar knappt mer plats \u00e4n sj\u00e4lva v\u00e4tskan. L\u00e4tt att ta med.<\/p>\n","protected":false},"excerpt":{"rendered":"<p>Hopvikbar transparentf\u00e4rgad vattenflaska, 0,42 L, med karbinhake. Tar knappt mer plats \u00e4n sj\u00e4lva v\u00e4tskan. L\u00e4tt att ta med.<\/p>\n","protected":false},"featured_media":33715,"template":"","meta":{"_acf_changed":false,"_seopress_robots_primary_cat":"","_seopress_titles_title":"","_seopress_titles_desc":"","_seopress_robots_index":""},"product_brand":[],"product_cat":[15],"product_tag":[],"class_list":{"0":"post-33714","1":"product","2":"type-product","3":"status-publish","4":"has-post-thumbnail","6":"product_cat-okategoriserad","7":"atta45_taxonomy-tema-inspiration-branscher-sv","8":"atta45_taxonomy-flaskor-sv","9":"atta45_taxonomy-tema-inspiration-ogonblick-kontorsliv-sv","10":"atta45_taxonomy-tema-inspiration-branscher-rekreation-sv","11":"atta45_taxonomy-tema-inspiration-sasong-sv","12":"atta45_taxonomy-tema-inspiration-sasong-sommar-sv","13":"atta45_taxonomy-fritid-sportartiklar-sv","14":"atta45_taxonomy-tema-inspiration-sv","15":"atta45_taxonomy-tema-inspiration-branscher-utbildning-sv","16":"atta45_taxonomy-fritid-vattenflaskor-sv","18":"first","19":"instock","20":"taxable","21":"shipping-taxable","22":"purchasable","23":"product-type-variable"},"acf":[],"_links":{"self":[{"href":"https:\/\/www.atta45.se\/e-butik\/wp-json\/wp\/v2\/product\/33714","targetHints":{"allow":["GET"]}}],"collection":[{"href":"https:\/\/www.atta45.se\/e-butik\/wp-json\/wp\/v2\/product"}],"about":[{"href":"https:\/\/www.atta45.se\/e-butik\/wp-json\/wp\/v2\/types\/product"}],"wp:featuredmedia":[{"embeddable":true,"href":"https:\/\/www.atta45.se\/e-butik\/wp-json\/wp\/v2\/media\/33715"}],"wp:attachment":[{"href":"https:\/\/www.atta45.se\/e-butik\/wp-json\/wp\/v2\/media?parent=33714"}],"wp:term":[{"taxonomy":"product_brand","embeddable":true,"href":"https:\/\/www.atta45.se\/e-butik\/wp-json\/wp\/v2\/product_brand?post=33714"},{"taxonomy":"product_cat","embeddable":true,"href":"https:\/\/www.atta45.se\/e-butik\/wp-json\/wp\/v2\/product_cat?post=33714"},{"taxonomy":"product_tag","embeddable":true,"href":"https:\/\/www.atta45.se\/e-butik\/wp-json\/wp\/v2\/product_tag?post=33714"}],"curies":[{"name":"wp","href":"https:\/\/api.w.org\/{rel}","templated":true}]}}