{"id":33586,"date":"2024-12-26T17:28:56","date_gmt":"2024-12-26T16:28:56","guid":{"rendered":"https:\/\/www.atta45.se\/e-butik\/?post_type=product&#038;p=33586"},"modified":"2025-10-27T23:57:38","modified_gmt":"2025-10-27T22:57:38","slug":"mugg-i-rostfritt-stal-450-ml","status":"publish","type":"product","link":"https:\/\/www.atta45.se\/e-butik\/produkt\/mugg-i-rostfritt-stal-450-ml\/","title":{"rendered":"Mugg i rostfritt st\u00e5l (450 ml) Velma"},"content":{"rendered":"<p>Mugg (450 ml) med dubbla v\u00e4ggar i rostfritt st\u00e5l med lock. Locket har en glid\u00f6ppning. Anti-glid i botten. Separat packad i ask av brun kartong.<\/p>\n","protected":false},"excerpt":{"rendered":"<p>Mugg (450 ml) med dubbla v\u00e4ggar i rostfritt st\u00e5l med lock. Locket har en glid\u00f6ppning. Anti-glid i botten. Separat packad i ask av brun kartong.<\/p>\n","protected":false},"featured_media":33587,"template":"","meta":{"_acf_changed":false,"_seopress_robots_primary_cat":"","_seopress_titles_title":"","_seopress_titles_desc":"","_seopress_robots_index":""},"product_brand":[],"product_cat":[15],"product_tag":[],"class_list":{"0":"post-33586","1":"product","2":"type-product","3":"status-publish","4":"has-post-thumbnail","6":"product_cat-okategoriserad","7":"atta45_taxonomy-flaskor-sv","8":"atta45_taxonomy-muggar-koppar-sv","9":"atta45_taxonomy-hem-hushall-koppar-sv","10":"atta45_taxonomy-hem-hushall-muggar-sv","11":"atta45_taxonomy-muggar-muggar-sv","12":"atta45_taxonomy-nyheter-sv","13":"atta45_taxonomy-tema-inspiration-utvalda-produkter-nyheter-sv","14":"atta45_taxonomy-tema-inspiration-sasong-sv","15":"atta45_taxonomy-tema-inspiration-sv","16":"atta45_taxonomy-fritid-termos-sv","17":"atta45_taxonomy-hem-hushall-termos-sv","18":"atta45_taxonomy-fritid-vattenflaskor-sv","19":"atta45_taxonomy-tema-inspiration-sasong-vinter-sv","21":"first","22":"instock","23":"taxable","24":"shipping-taxable","25":"purchasable","26":"product-type-variable"},"acf":[],"_links":{"self":[{"href":"https:\/\/www.atta45.se\/e-butik\/wp-json\/wp\/v2\/product\/33586","targetHints":{"allow":["GET"]}}],"collection":[{"href":"https:\/\/www.atta45.se\/e-butik\/wp-json\/wp\/v2\/product"}],"about":[{"href":"https:\/\/www.atta45.se\/e-butik\/wp-json\/wp\/v2\/types\/product"}],"wp:featuredmedia":[{"embeddable":true,"href":"https:\/\/www.atta45.se\/e-butik\/wp-json\/wp\/v2\/media\/33587"}],"wp:attachment":[{"href":"https:\/\/www.atta45.se\/e-butik\/wp-json\/wp\/v2\/media?parent=33586"}],"wp:term":[{"taxonomy":"product_brand","embeddable":true,"href":"https:\/\/www.atta45.se\/e-butik\/wp-json\/wp\/v2\/product_brand?post=33586"},{"taxonomy":"product_cat","embeddable":true,"href":"https:\/\/www.atta45.se\/e-butik\/wp-json\/wp\/v2\/product_cat?post=33586"},{"taxonomy":"product_tag","embeddable":true,"href":"https:\/\/www.atta45.se\/e-butik\/wp-json\/wp\/v2\/product_tag?post=33586"}],"curies":[{"name":"wp","href":"https:\/\/api.w.org\/{rel}","templated":true}]}}