{"id":33570,"date":"2024-12-26T17:28:49","date_gmt":"2024-12-26T16:28:49","guid":{"rendered":"https:\/\/www.atta45.se\/e-butik\/?post_type=product&#038;p=33570"},"modified":"2025-10-27T23:57:23","modified_gmt":"2025-10-27T22:57:23","slug":"emaljmugg-350-ml-jamaal","status":"publish","type":"product","link":"https:\/\/www.atta45.se\/e-butik\/produkt\/emaljmugg-350-ml-jamaal\/","title":{"rendered":"Mugg i emalj (350 ml) Jamaal"},"content":{"rendered":"<p>Emaljmugg (350 ml) med kant av rostfritt st\u00e5l. Separat packad i ask av brun kartong. <br \/>Ej l\u00e4mplig f\u00f6r diskmaskin.<\/p>\n","protected":false},"excerpt":{"rendered":"<p>Emaljmugg (350 ml) med kant av rostfritt st\u00e5l. Separat packad i ask av brun kartong. Ej l\u00e4mplig f\u00f6r diskmaskin.<\/p>\n","protected":false},"featured_media":33571,"template":"","meta":{"_acf_changed":false,"_seopress_robots_primary_cat":"","_seopress_titles_title":"","_seopress_titles_desc":"","_seopress_robots_index":""},"product_brand":[],"product_cat":[15],"product_tag":[],"class_list":{"0":"post-33570","1":"product","2":"type-product","3":"status-publish","4":"has-post-thumbnail","6":"product_cat-okategoriserad","7":"atta45_taxonomy-tema-inspiration-ogonblick-arsslut-sv","8":"atta45_taxonomy-flaskor-sv","9":"atta45_taxonomy-hem-hushall-koppar-sv","10":"atta45_taxonomy-muggar-koppar-sv","11":"atta45_taxonomy-muggar-muggar-sv","12":"atta45_taxonomy-hem-hushall-muggar-sv","13":"atta45_taxonomy-fritid-muggar-koppar-sv","14":"atta45_taxonomy-tema-inspiration-utvalda-produkter-nyheter-sv","15":"atta45_taxonomy-nyheter-sv","16":"atta45_taxonomy-tema-inspiration-sasong-sv","17":"atta45_taxonomy-tema-inspiration-sv","18":"atta45_taxonomy-fritid-vattenflaskor-sv","19":"atta45_taxonomy-tema-inspiration-sasong-vinter-sv","21":"first","22":"instock","23":"taxable","24":"shipping-taxable","25":"purchasable","26":"product-type-variable"},"acf":[],"_links":{"self":[{"href":"https:\/\/www.atta45.se\/e-butik\/wp-json\/wp\/v2\/product\/33570","targetHints":{"allow":["GET"]}}],"collection":[{"href":"https:\/\/www.atta45.se\/e-butik\/wp-json\/wp\/v2\/product"}],"about":[{"href":"https:\/\/www.atta45.se\/e-butik\/wp-json\/wp\/v2\/types\/product"}],"wp:featuredmedia":[{"embeddable":true,"href":"https:\/\/www.atta45.se\/e-butik\/wp-json\/wp\/v2\/media\/33571"}],"wp:attachment":[{"href":"https:\/\/www.atta45.se\/e-butik\/wp-json\/wp\/v2\/media?parent=33570"}],"wp:term":[{"taxonomy":"product_brand","embeddable":true,"href":"https:\/\/www.atta45.se\/e-butik\/wp-json\/wp\/v2\/product_brand?post=33570"},{"taxonomy":"product_cat","embeddable":true,"href":"https:\/\/www.atta45.se\/e-butik\/wp-json\/wp\/v2\/product_cat?post=33570"},{"taxonomy":"product_tag","embeddable":true,"href":"https:\/\/www.atta45.se\/e-butik\/wp-json\/wp\/v2\/product_tag?post=33570"}],"curies":[{"name":"wp","href":"https:\/\/api.w.org\/{rel}","templated":true}]}}