{"id":33530,"date":"2024-12-26T17:28:34","date_gmt":"2024-12-26T16:28:34","guid":{"rendered":"https:\/\/www.atta45.se\/e-butik\/?post_type=product&#038;p=33530"},"modified":"2025-10-27T23:48:59","modified_gmt":"2025-10-27T22:48:59","slug":"vattenflaska-med-dubbla-vaggar-i-rostfritt-stal-500-ml","status":"publish","type":"product","link":"https:\/\/www.atta45.se\/e-butik\/produkt\/vattenflaska-med-dubbla-vaggar-i-rostfritt-stal-500-ml\/","title":{"rendered":"Vattenflaska med dubbla v\u00e4ggar i rostfritt st\u00e5l (500 ml) Odette"},"content":{"rendered":"<p>Vattenflaska i rostfritt st\u00e5l (500 ml) med dubbla v\u00e4ggar och skruvkork i bambu.<\/p>\n","protected":false},"excerpt":{"rendered":"<p>Vattenflaska i rostfritt st\u00e5l (500 ml) med dubbla v\u00e4ggar och skruvkork i bambu.<\/p>\n","protected":false},"featured_media":33531,"template":"","meta":{"_acf_changed":false,"_seopress_robots_primary_cat":"","_seopress_titles_title":"","_seopress_titles_desc":"","_seopress_robots_index":""},"product_brand":[],"product_cat":[15],"product_tag":[],"class_list":{"0":"post-33530","1":"product","2":"type-product","3":"status-publish","4":"has-post-thumbnail","6":"product_cat-okategoriserad","7":"atta45_taxonomy-tema-inspiration-speciella-trycktekniker-360-fullfargstryck-sv","8":"atta45_taxonomy-tema-inspiration-speciella-trycktekniker-360-laser-sv","9":"atta45_taxonomy-tema-inspiration-grona-intryck-bambu-sv","10":"atta45_taxonomy-tema-inspiration-grona-intryck-eco-basic-sv","11":"atta45_taxonomy-flaskor-sv","12":"atta45_taxonomy-tema-inspiration-grona-intryck-sv","13":"atta45_taxonomy-tema-inspiration-speciella-trycktekniker-name-it-sv","14":"atta45_taxonomy-tema-inspiration-speciella-trycktekniker-sv","15":"atta45_taxonomy-fritid-termos-sv","16":"atta45_taxonomy-hem-hushall-termos-sv","17":"atta45_taxonomy-fritid-vattenflaskor-sv","19":"first","20":"instock","21":"taxable","22":"shipping-taxable","23":"purchasable","24":"product-type-variable"},"acf":[],"_links":{"self":[{"href":"https:\/\/www.atta45.se\/e-butik\/wp-json\/wp\/v2\/product\/33530","targetHints":{"allow":["GET"]}}],"collection":[{"href":"https:\/\/www.atta45.se\/e-butik\/wp-json\/wp\/v2\/product"}],"about":[{"href":"https:\/\/www.atta45.se\/e-butik\/wp-json\/wp\/v2\/types\/product"}],"wp:featuredmedia":[{"embeddable":true,"href":"https:\/\/www.atta45.se\/e-butik\/wp-json\/wp\/v2\/media\/33531"}],"wp:attachment":[{"href":"https:\/\/www.atta45.se\/e-butik\/wp-json\/wp\/v2\/media?parent=33530"}],"wp:term":[{"taxonomy":"product_brand","embeddable":true,"href":"https:\/\/www.atta45.se\/e-butik\/wp-json\/wp\/v2\/product_brand?post=33530"},{"taxonomy":"product_cat","embeddable":true,"href":"https:\/\/www.atta45.se\/e-butik\/wp-json\/wp\/v2\/product_cat?post=33530"},{"taxonomy":"product_tag","embeddable":true,"href":"https:\/\/www.atta45.se\/e-butik\/wp-json\/wp\/v2\/product_tag?post=33530"}],"curies":[{"name":"wp","href":"https:\/\/api.w.org\/{rel}","templated":true}]}}