{"id":33512,"date":"2024-12-26T17:28:25","date_gmt":"2024-12-26T16:28:25","guid":{"rendered":"https:\/\/www.atta45.se\/e-butik\/?post_type=product&#038;p=33512"},"modified":"2025-10-27T23:48:48","modified_gmt":"2025-10-27T22:48:48","slug":"mugg-i-rostfritt-stal-med-dubbla-vaggar-380-ml","status":"publish","type":"product","link":"https:\/\/www.atta45.se\/e-butik\/produkt\/mugg-i-rostfritt-stal-med-dubbla-vaggar-380-ml\/","title":{"rendered":"Mugg i rostfritt st\u00e5l med dubbla v\u00e4ggar Sofia"},"content":{"rendered":"<p>Mugg i rostfritt st\u00e5l med dubbla v\u00e4ggar (380 ml). Locket har en \u00f6ppning att dricka ur.<\/p>\n","protected":false},"excerpt":{"rendered":"<p>Mugg i rostfritt st\u00e5l med dubbla v\u00e4ggar (380 ml). Locket har en \u00f6ppning att dricka ur.<\/p>\n","protected":false},"featured_media":33513,"template":"","meta":{"_acf_changed":false,"_seopress_robots_primary_cat":"","_seopress_titles_title":"","_seopress_titles_desc":"","_seopress_robots_index":""},"product_brand":[],"product_cat":[15],"product_tag":[],"class_list":{"0":"post-33512","1":"product","2":"type-product","3":"status-publish","4":"has-post-thumbnail","6":"product_cat-okategoriserad","7":"atta45_taxonomy-tema-inspiration-ogonblick-arsslut-sv","8":"atta45_taxonomy-flaskor-sv","9":"atta45_taxonomy-tema-inspiration-speciella-trycktekniker-name-it-sv","10":"atta45_taxonomy-tema-inspiration-sv","11":"atta45_taxonomy-hem-hushall-termos-sv","12":"atta45_taxonomy-fritid-termos-sv","13":"atta45_taxonomy-fritid-vattenflaskor-sv","15":"first","16":"instock","17":"taxable","18":"shipping-taxable","19":"purchasable","20":"product-type-variable"},"acf":[],"_links":{"self":[{"href":"https:\/\/www.atta45.se\/e-butik\/wp-json\/wp\/v2\/product\/33512","targetHints":{"allow":["GET"]}}],"collection":[{"href":"https:\/\/www.atta45.se\/e-butik\/wp-json\/wp\/v2\/product"}],"about":[{"href":"https:\/\/www.atta45.se\/e-butik\/wp-json\/wp\/v2\/types\/product"}],"wp:featuredmedia":[{"embeddable":true,"href":"https:\/\/www.atta45.se\/e-butik\/wp-json\/wp\/v2\/media\/33513"}],"wp:attachment":[{"href":"https:\/\/www.atta45.se\/e-butik\/wp-json\/wp\/v2\/media?parent=33512"}],"wp:term":[{"taxonomy":"product_brand","embeddable":true,"href":"https:\/\/www.atta45.se\/e-butik\/wp-json\/wp\/v2\/product_brand?post=33512"},{"taxonomy":"product_cat","embeddable":true,"href":"https:\/\/www.atta45.se\/e-butik\/wp-json\/wp\/v2\/product_cat?post=33512"},{"taxonomy":"product_tag","embeddable":true,"href":"https:\/\/www.atta45.se\/e-butik\/wp-json\/wp\/v2\/product_tag?post=33512"}],"curies":[{"name":"wp","href":"https:\/\/api.w.org\/{rel}","templated":true}]}}