{"id":33414,"date":"2024-12-26T17:27:45","date_gmt":"2024-12-26T16:27:45","guid":{"rendered":"https:\/\/www.atta45.se\/e-butik\/?post_type=product&#038;p=33414"},"modified":"2025-10-27T23:42:43","modified_gmt":"2025-10-27T22:42:43","slug":"sportflaska-i-aliminium-500-ml","status":"publish","type":"product","link":"https:\/\/www.atta45.se\/e-butik\/produkt\/sportflaska-i-aliminium-500-ml\/","title":{"rendered":"Flaska i rostfritt st\u00e5l med dubbel v\u00e4gg Teresa"},"content":{"rendered":"<p>Vattenflaska, 0,5L, i rostfritt st\u00e5l med lock och drickstr\u00e5. Levereras i en presentf\u00f6rpackning.<\/p>\n","protected":false},"excerpt":{"rendered":"<p>Vattenflaska, 0,5L, i rostfritt st\u00e5l med lock och drickstr\u00e5. Levereras i en presentf\u00f6rpackning.<\/p>\n","protected":false},"featured_media":33415,"template":"","meta":{"_acf_changed":false,"_seopress_robots_primary_cat":"","_seopress_titles_title":"","_seopress_titles_desc":"","_seopress_robots_index":""},"product_brand":[],"product_cat":[15],"product_tag":[],"class_list":{"0":"post-33414","1":"product","2":"type-product","3":"status-publish","4":"has-post-thumbnail","6":"product_cat-okategoriserad","7":"atta45_taxonomy-flaskor-sv","8":"atta45_taxonomy-tema-inspiration-speciella-trycktekniker-mega-laser-sv","9":"atta45_taxonomy-tema-inspiration-ogonblick-pa-vagen-sv","10":"atta45_taxonomy-tema-inspiration-speciella-trycktekniker-sv","11":"atta45_taxonomy-fritid-sportartiklar-sv","12":"atta45_taxonomy-tema-inspiration-sv","13":"atta45_taxonomy-fritid-termos-sv","14":"atta45_taxonomy-hem-hushall-termos-sv","15":"atta45_taxonomy-fritid-vattenflaskor-sv","17":"first","18":"instock","19":"taxable","20":"shipping-taxable","21":"purchasable","22":"product-type-variable"},"acf":[],"_links":{"self":[{"href":"https:\/\/www.atta45.se\/e-butik\/wp-json\/wp\/v2\/product\/33414","targetHints":{"allow":["GET"]}}],"collection":[{"href":"https:\/\/www.atta45.se\/e-butik\/wp-json\/wp\/v2\/product"}],"about":[{"href":"https:\/\/www.atta45.se\/e-butik\/wp-json\/wp\/v2\/types\/product"}],"wp:featuredmedia":[{"embeddable":true,"href":"https:\/\/www.atta45.se\/e-butik\/wp-json\/wp\/v2\/media\/33415"}],"wp:attachment":[{"href":"https:\/\/www.atta45.se\/e-butik\/wp-json\/wp\/v2\/media?parent=33414"}],"wp:term":[{"taxonomy":"product_brand","embeddable":true,"href":"https:\/\/www.atta45.se\/e-butik\/wp-json\/wp\/v2\/product_brand?post=33414"},{"taxonomy":"product_cat","embeddable":true,"href":"https:\/\/www.atta45.se\/e-butik\/wp-json\/wp\/v2\/product_cat?post=33414"},{"taxonomy":"product_tag","embeddable":true,"href":"https:\/\/www.atta45.se\/e-butik\/wp-json\/wp\/v2\/product_tag?post=33414"}],"curies":[{"name":"wp","href":"https:\/\/api.w.org\/{rel}","templated":true}]}}