{"id":33390,"date":"2024-12-26T17:27:36","date_gmt":"2024-12-26T16:27:36","guid":{"rendered":"https:\/\/www.atta45.se\/e-butik\/?post_type=product&#038;p=33390"},"modified":"2025-10-27T23:42:33","modified_gmt":"2025-10-27T22:42:33","slug":"mugg-to-go-450ml","status":"publish","type":"product","link":"https:\/\/www.atta45.se\/e-butik\/produkt\/mugg-to-go-450ml\/","title":{"rendered":"Resemugg rostfritt st\u00e5l dubbelv\u00e4ggig Elisa"},"content":{"rendered":"<p>Termosmugg, 0,45 L, i lackat rostfritt st\u00e5l med plastlock. Med ett tryck p\u00e5 automatkorken s\u00e5 kommer du \u00e5t att s\u00e4kert dricka direkt ur muggen. Tryck igen s\u00e5 f\u00f6rsluter du korken. Stor \u00f6ppning g\u00f6r den l\u00e4tt att diska. Levereras i en presentf\u00f6rpackning.<\/p>\n","protected":false},"excerpt":{"rendered":"<p>Termosmugg, 0,45 L, i lackat rostfritt st\u00e5l med plastlock. Med ett tryck p\u00e5 automatkorken s\u00e5 kommer du \u00e5t att s\u00e4kert dricka direkt ur muggen. Tryck igen s\u00e5 f\u00f6rsluter du korken. Stor \u00f6ppning g\u00f6r den l\u00e4tt att diska. Levereras i en presentf\u00f6rpackning.<\/p>\n","protected":false},"featured_media":33391,"template":"","meta":{"_acf_changed":false,"_seopress_robots_primary_cat":"","_seopress_titles_title":"","_seopress_titles_desc":"","_seopress_robots_index":""},"product_brand":[],"product_cat":[15],"product_tag":[],"class_list":{"0":"post-33390","1":"product","2":"type-product","3":"status-publish","4":"has-post-thumbnail","6":"product_cat-okategoriserad","7":"atta45_taxonomy-flaskor-sv","8":"atta45_taxonomy-tema-inspiration-ogonblick-sommargladje-sv","9":"atta45_taxonomy-tema-inspiration-sv","10":"atta45_taxonomy-hem-hushall-termos-sv","11":"atta45_taxonomy-fritid-termos-sv","12":"atta45_taxonomy-fritid-vattenflaskor-sv","14":"first","15":"instock","16":"taxable","17":"shipping-taxable","18":"purchasable","19":"product-type-variable"},"acf":[],"_links":{"self":[{"href":"https:\/\/www.atta45.se\/e-butik\/wp-json\/wp\/v2\/product\/33390","targetHints":{"allow":["GET"]}}],"collection":[{"href":"https:\/\/www.atta45.se\/e-butik\/wp-json\/wp\/v2\/product"}],"about":[{"href":"https:\/\/www.atta45.se\/e-butik\/wp-json\/wp\/v2\/types\/product"}],"wp:featuredmedia":[{"embeddable":true,"href":"https:\/\/www.atta45.se\/e-butik\/wp-json\/wp\/v2\/media\/33391"}],"wp:attachment":[{"href":"https:\/\/www.atta45.se\/e-butik\/wp-json\/wp\/v2\/media?parent=33390"}],"wp:term":[{"taxonomy":"product_brand","embeddable":true,"href":"https:\/\/www.atta45.se\/e-butik\/wp-json\/wp\/v2\/product_brand?post=33390"},{"taxonomy":"product_cat","embeddable":true,"href":"https:\/\/www.atta45.se\/e-butik\/wp-json\/wp\/v2\/product_cat?post=33390"},{"taxonomy":"product_tag","embeddable":true,"href":"https:\/\/www.atta45.se\/e-butik\/wp-json\/wp\/v2\/product_tag?post=33390"}],"curies":[{"name":"wp","href":"https:\/\/api.w.org\/{rel}","templated":true}]}}