{"id":33320,"date":"2024-12-26T17:27:08","date_gmt":"2024-12-26T16:27:08","guid":{"rendered":"https:\/\/www.atta45.se\/e-butik\/?post_type=product&#038;p=33320"},"modified":"2025-10-27T23:08:58","modified_gmt":"2025-10-27T22:08:58","slug":"termosset-med-muggar-2","status":"publish","type":"product","link":"https:\/\/www.atta45.se\/e-butik\/produkt\/termosset-med-muggar-2\/","title":{"rendered":"Termos( 500ml) med tv\u00e5 muggar (25cl) i , rostfritt st\u00e5l, Frieda"},"content":{"rendered":"<p>Termosset i rostfritt st\u00e5l med termosflaska, 0,5 L, och 2 isolerade muggar, 25 cl, i fodral av polyester med dragkedja.<\/p>\n","protected":false},"excerpt":{"rendered":"<p>Termosset i rostfritt st\u00e5l med termosflaska, 0,5 L, och 2 isolerade muggar, 25 cl, i fodral av polyester med dragkedja.<\/p>\n","protected":false},"featured_media":33321,"template":"","meta":{"_acf_changed":false,"_seopress_robots_primary_cat":"","_seopress_titles_title":"","_seopress_titles_desc":"","_seopress_robots_index":""},"product_brand":[],"product_cat":[15],"product_tag":[],"class_list":{"0":"post-33320","1":"product","2":"type-product","3":"status-publish","4":"has-post-thumbnail","6":"product_cat-okategoriserad","7":"atta45_taxonomy-flaskor-sv","8":"atta45_taxonomy-hem-hushall-muggar-sv","9":"atta45_taxonomy-muggar-muggar-sv","10":"atta45_taxonomy-fritid-muggar-koppar-sv","11":"atta45_taxonomy-tema-inspiration-sasong-sv","12":"atta45_taxonomy-tema-inspiration-sv","13":"atta45_taxonomy-fritid-termos-sv","14":"atta45_taxonomy-hem-hushall-termos-sv","15":"atta45_taxonomy-fritid-vattenflaskor-sv","16":"atta45_taxonomy-tema-inspiration-sasong-vinter-sv","17":"atta45_taxonomy-tema-inspiration-ogonblick-vinterlandskap-sv","19":"first","20":"instock","21":"taxable","22":"shipping-taxable","23":"purchasable","24":"product-type-variable"},"acf":[],"_links":{"self":[{"href":"https:\/\/www.atta45.se\/e-butik\/wp-json\/wp\/v2\/product\/33320","targetHints":{"allow":["GET"]}}],"collection":[{"href":"https:\/\/www.atta45.se\/e-butik\/wp-json\/wp\/v2\/product"}],"about":[{"href":"https:\/\/www.atta45.se\/e-butik\/wp-json\/wp\/v2\/types\/product"}],"wp:featuredmedia":[{"embeddable":true,"href":"https:\/\/www.atta45.se\/e-butik\/wp-json\/wp\/v2\/media\/33321"}],"wp:attachment":[{"href":"https:\/\/www.atta45.se\/e-butik\/wp-json\/wp\/v2\/media?parent=33320"}],"wp:term":[{"taxonomy":"product_brand","embeddable":true,"href":"https:\/\/www.atta45.se\/e-butik\/wp-json\/wp\/v2\/product_brand?post=33320"},{"taxonomy":"product_cat","embeddable":true,"href":"https:\/\/www.atta45.se\/e-butik\/wp-json\/wp\/v2\/product_cat?post=33320"},{"taxonomy":"product_tag","embeddable":true,"href":"https:\/\/www.atta45.se\/e-butik\/wp-json\/wp\/v2\/product_tag?post=33320"}],"curies":[{"name":"wp","href":"https:\/\/api.w.org\/{rel}","templated":true}]}}