{"id":33254,"date":"2024-12-26T17:26:42","date_gmt":"2024-12-26T16:26:42","guid":{"rendered":"https:\/\/www.atta45.se\/e-butik\/?post_type=product&#038;p=33254"},"modified":"2025-10-27T23:08:16","modified_gmt":"2025-10-27T22:08:16","slug":"set-om-2-termosmugg-200-ml","status":"publish","type":"product","link":"https:\/\/www.atta45.se\/e-butik\/produkt\/set-om-2-termosmugg-200-ml\/","title":{"rendered":"Termosmuggar, (200ml) set om tv\u00e5, rostfritt st\u00e5l, Naya"},"content":{"rendered":"<p>Ett set av 2 termomuggar, (200 ml), i rostfritt st\u00e5l. Levereras i en presentf\u00f6rpackning. Logom\u00e4rkning som visas \u00e4r p\u00e5 en position (en produkt). T\u00e5l maskindisk.<\/p>\n","protected":false},"excerpt":{"rendered":"<p>Ett set av 2 termomuggar, (200 ml), i rostfritt st\u00e5l. Levereras i en presentf\u00f6rpackning. Logom\u00e4rkning som visas \u00e4r p\u00e5 en position (en produkt). T\u00e5l maskindisk.<\/p>\n","protected":false},"featured_media":33255,"template":"","meta":{"_acf_changed":false,"_seopress_robots_primary_cat":"","_seopress_titles_title":"","_seopress_titles_desc":"","_seopress_robots_index":""},"product_brand":[],"product_cat":[15],"product_tag":[],"class_list":{"0":"post-33254","1":"product","2":"type-product","3":"status-publish","4":"has-post-thumbnail","6":"product_cat-okategoriserad","7":"atta45_taxonomy-flaskor-sv","8":"atta45_taxonomy-tema-inspiration-ogonblick-kontorsliv-sv","9":"atta45_taxonomy-tema-inspiration-speciella-trycktekniker-name-it-sv","10":"atta45_taxonomy-hem-hushall-muggar-sv","11":"atta45_taxonomy-muggar-muggar-sv","12":"atta45_taxonomy-fritid-muggar-koppar-sv","13":"atta45_taxonomy-tema-inspiration-sasong-sv","14":"atta45_taxonomy-tema-inspiration-sv","15":"atta45_taxonomy-fritid-termos-sv","16":"atta45_taxonomy-hem-hushall-termos-sv","17":"atta45_taxonomy-fritid-vattenflaskor-sv","18":"atta45_taxonomy-tema-inspiration-sasong-vinter-sv","20":"first","21":"instock","22":"taxable","23":"shipping-taxable","24":"purchasable","25":"product-type-variable"},"acf":[],"_links":{"self":[{"href":"https:\/\/www.atta45.se\/e-butik\/wp-json\/wp\/v2\/product\/33254","targetHints":{"allow":["GET"]}}],"collection":[{"href":"https:\/\/www.atta45.se\/e-butik\/wp-json\/wp\/v2\/product"}],"about":[{"href":"https:\/\/www.atta45.se\/e-butik\/wp-json\/wp\/v2\/types\/product"}],"wp:featuredmedia":[{"embeddable":true,"href":"https:\/\/www.atta45.se\/e-butik\/wp-json\/wp\/v2\/media\/33255"}],"wp:attachment":[{"href":"https:\/\/www.atta45.se\/e-butik\/wp-json\/wp\/v2\/media?parent=33254"}],"wp:term":[{"taxonomy":"product_brand","embeddable":true,"href":"https:\/\/www.atta45.se\/e-butik\/wp-json\/wp\/v2\/product_brand?post=33254"},{"taxonomy":"product_cat","embeddable":true,"href":"https:\/\/www.atta45.se\/e-butik\/wp-json\/wp\/v2\/product_cat?post=33254"},{"taxonomy":"product_tag","embeddable":true,"href":"https:\/\/www.atta45.se\/e-butik\/wp-json\/wp\/v2\/product_tag?post=33254"}],"curies":[{"name":"wp","href":"https:\/\/api.w.org\/{rel}","templated":true}]}}