{"id":3318,"date":"2020-01-13T13:28:28","date_gmt":"2020-01-13T12:28:28","guid":{"rendered":"https:\/\/flipptryck.a-demo.se\/?post_type=product&#038;p=3318"},"modified":"2025-12-12T15:15:09","modified_gmt":"2025-12-12T14:15:09","slug":"4-screen","status":"publish","type":"product","link":"https:\/\/www.atta45.se\/e-butik\/produkt\/4-screen\/","title":{"rendered":"4 Screen"},"content":{"rendered":"","protected":false},"excerpt":{"rendered":"<p>4 Screen Classic \u00e4r ett kostnadseffektivt s\u00e4tt att f\u00e5 upp ditt budskap i stor skala, perfekt f\u00f6r events och st\u00f6rre kampanjer d\u00e4r allt fr\u00e5n pris till tiden det tar att f\u00e5 upp budskapet \u00e4r viktigt. Konstruktionen \u00e4r diskret, enkel och du s\u00e4tter upp den p\u00e5 mindre \u00e4n en minut! Tack vare vikten i st\u00f6dpinnen st\u00e5r 4 Screen Classic stadigt, trots sin l\u00e5ga vikt.<\/p>\n<p>Flera 4 Screens kan seriekopplas med magnetband. 4 Screen paketet inkluderar fot med nylonp\u00e5se, st\u00f6dpinne, panelprofiler, papptub med lock och nylonv\u00e4ska. Finns i 3 olika m\u00e5tt: 850 mm, 1450 mm eller 2000 mm bred. H\u00f6jden \u00e4r 2160 mm.<\/p>\n<p>OBS: Vi kan endast ta emot en fil per produkt. Om ni vill ladda upp fler tryckoriginal, s\u00e5 skapa en mapp som ni l\u00e4gger filerna i. Sedan komprimerar ni mappen. Vi tar emot komprimerade format s\u00e5som: zip, rar, gz och 7z.<\/p>\n","protected":false},"featured_media":11631,"template":"","meta":{"_acf_changed":false,"_seopress_robots_primary_cat":"none","_seopress_titles_title":"Smidig 4-Screen med kvalitetstryck | \u00c5tta.45 Tryckeri","_seopress_titles_desc":"Best\u00e4ll din 4-Screen fr\u00e5n oss och f\u00e5 en smidig display som g\u00e5r l\u00e4tt att ta med sig. Toppkvalitet p\u00e5 b\u00e5de material och tryck.","_seopress_robots_index":""},"product_brand":[],"product_cat":[15,111],"product_tag":[],"class_list":{"0":"post-3318","1":"product","2":"type-product","3":"status-publish","4":"has-post-thumbnail","6":"product_cat-okategoriserad","7":"product_cat-massa","9":"first","10":"instock","11":"taxable","12":"shipping-taxable","13":"purchasable","14":"product-type-variable","15":"has-default-attributes"},"acf":[],"_links":{"self":[{"href":"https:\/\/www.atta45.se\/e-butik\/wp-json\/wp\/v2\/product\/3318","targetHints":{"allow":["GET"]}}],"collection":[{"href":"https:\/\/www.atta45.se\/e-butik\/wp-json\/wp\/v2\/product"}],"about":[{"href":"https:\/\/www.atta45.se\/e-butik\/wp-json\/wp\/v2\/types\/product"}],"wp:featuredmedia":[{"embeddable":true,"href":"https:\/\/www.atta45.se\/e-butik\/wp-json\/wp\/v2\/media\/11631"}],"wp:attachment":[{"href":"https:\/\/www.atta45.se\/e-butik\/wp-json\/wp\/v2\/media?parent=3318"}],"wp:term":[{"taxonomy":"product_brand","embeddable":true,"href":"https:\/\/www.atta45.se\/e-butik\/wp-json\/wp\/v2\/product_brand?post=3318"},{"taxonomy":"product_cat","embeddable":true,"href":"https:\/\/www.atta45.se\/e-butik\/wp-json\/wp\/v2\/product_cat?post=3318"},{"taxonomy":"product_tag","embeddable":true,"href":"https:\/\/www.atta45.se\/e-butik\/wp-json\/wp\/v2\/product_tag?post=3318"}],"curies":[{"name":"wp","href":"https:\/\/api.w.org\/{rel}","templated":true}]}}