{"id":33168,"date":"2024-12-26T17:26:10","date_gmt":"2024-12-26T16:26:10","guid":{"rendered":"https:\/\/www.atta45.se\/e-butik\/?post_type=product&#038;p=33168"},"modified":"2025-10-27T23:06:59","modified_gmt":"2025-10-27T22:06:59","slug":"termosmugg-400-ml","status":"publish","type":"product","link":"https:\/\/www.atta45.se\/e-butik\/produkt\/termosmugg-400-ml\/","title":{"rendered":"Termosmugg i rostfritt st\u00e5l, Dev"},"content":{"rendered":"<p>Termomugg, 0,4 L, i rostfritt st\u00e5l och plast. Locket h\u00e5ller v\u00e4rmen och skyddar f\u00f6r on\u00f6digt spill.<\/p>\n","protected":false},"excerpt":{"rendered":"<p>Termomugg, 0,4 L, i rostfritt st\u00e5l och plast. Locket h\u00e5ller v\u00e4rmen och skyddar f\u00f6r on\u00f6digt spill.<\/p>\n","protected":false},"featured_media":33169,"template":"","meta":{"_acf_changed":false,"_seopress_robots_primary_cat":"","_seopress_titles_title":"","_seopress_titles_desc":"","_seopress_robots_index":""},"product_brand":[],"product_cat":[15],"product_tag":[],"class_list":{"0":"post-33168","1":"product","2":"type-product","3":"status-publish","4":"has-post-thumbnail","6":"product_cat-okategoriserad","7":"atta45_taxonomy-flaskor-sv","8":"atta45_taxonomy-tema-inspiration-speciella-trycktekniker-mega-laser-sv","9":"atta45_taxonomy-tema-inspiration-sasong-sv","10":"atta45_taxonomy-tema-inspiration-ogonblick-sommargladje-sv","11":"atta45_taxonomy-tema-inspiration-speciella-trycktekniker-sv","12":"atta45_taxonomy-tema-inspiration-sv","13":"atta45_taxonomy-hem-hushall-termos-sv","14":"atta45_taxonomy-fritid-termos-sv","15":"atta45_taxonomy-fritid-vattenflaskor-sv","16":"atta45_taxonomy-tema-inspiration-sasong-vinter-sv","18":"first","19":"instock","20":"taxable","21":"shipping-taxable","22":"purchasable","23":"product-type-variable"},"acf":[],"_links":{"self":[{"href":"https:\/\/www.atta45.se\/e-butik\/wp-json\/wp\/v2\/product\/33168","targetHints":{"allow":["GET"]}}],"collection":[{"href":"https:\/\/www.atta45.se\/e-butik\/wp-json\/wp\/v2\/product"}],"about":[{"href":"https:\/\/www.atta45.se\/e-butik\/wp-json\/wp\/v2\/types\/product"}],"wp:featuredmedia":[{"embeddable":true,"href":"https:\/\/www.atta45.se\/e-butik\/wp-json\/wp\/v2\/media\/33169"}],"wp:attachment":[{"href":"https:\/\/www.atta45.se\/e-butik\/wp-json\/wp\/v2\/media?parent=33168"}],"wp:term":[{"taxonomy":"product_brand","embeddable":true,"href":"https:\/\/www.atta45.se\/e-butik\/wp-json\/wp\/v2\/product_brand?post=33168"},{"taxonomy":"product_cat","embeddable":true,"href":"https:\/\/www.atta45.se\/e-butik\/wp-json\/wp\/v2\/product_cat?post=33168"},{"taxonomy":"product_tag","embeddable":true,"href":"https:\/\/www.atta45.se\/e-butik\/wp-json\/wp\/v2\/product_tag?post=33168"}],"curies":[{"name":"wp","href":"https:\/\/api.w.org\/{rel}","templated":true}]}}