{"id":33154,"date":"2024-12-26T17:26:03","date_gmt":"2024-12-26T16:26:03","guid":{"rendered":"https:\/\/www.atta45.se\/e-butik\/?post_type=product&#038;p=33154"},"modified":"2025-10-27T23:00:56","modified_gmt":"2025-10-27T22:00:56","slug":"termosflaska-i-bambu-400-ml","status":"publish","type":"product","link":"https:\/\/www.atta45.se\/e-butik\/produkt\/termosflaska-i-bambu-400-ml\/","title":{"rendered":"Termosflaska, i bambu (400 ml), Frederico"},"content":{"rendered":"<p>Termosflaska i bambu (400 l), dubbelv\u00e4gg med rostfritt st\u00e5llock och accenter. F\u00f6rpackad i presentf\u00f6rpackning.<\/p>\n","protected":false},"excerpt":{"rendered":"<p>Termosflaska i bambu (400 l), dubbelv\u00e4gg med rostfritt st\u00e5llock och accenter. F\u00f6rpackad i presentf\u00f6rpackning.<\/p>\n","protected":false},"featured_media":33155,"template":"","meta":{"_acf_changed":false,"_seopress_robots_primary_cat":"","_seopress_titles_title":"","_seopress_titles_desc":"","_seopress_robots_index":""},"product_brand":[],"product_cat":[15],"product_tag":[],"class_list":{"0":"post-33154","1":"product","2":"type-product","3":"status-publish","4":"has-post-thumbnail","6":"product_cat-okategoriserad","7":"atta45_taxonomy-tema-inspiration-grona-intryck-bambu-sv","8":"atta45_taxonomy-tema-inspiration-grona-intryck-eco-basic-sv","9":"atta45_taxonomy-flaskor-sv","10":"atta45_taxonomy-tema-inspiration-grona-intryck-sv","11":"atta45_taxonomy-tema-inspiration-speciella-trycktekniker-name-it-sv","12":"atta45_taxonomy-fritid-termos-sv","13":"atta45_taxonomy-hem-hushall-termos-sv","14":"atta45_taxonomy-fritid-vattenflaskor-sv","16":"first","17":"instock","18":"taxable","19":"shipping-taxable","20":"purchasable","21":"product-type-variable"},"acf":[],"_links":{"self":[{"href":"https:\/\/www.atta45.se\/e-butik\/wp-json\/wp\/v2\/product\/33154","targetHints":{"allow":["GET"]}}],"collection":[{"href":"https:\/\/www.atta45.se\/e-butik\/wp-json\/wp\/v2\/product"}],"about":[{"href":"https:\/\/www.atta45.se\/e-butik\/wp-json\/wp\/v2\/types\/product"}],"wp:featuredmedia":[{"embeddable":true,"href":"https:\/\/www.atta45.se\/e-butik\/wp-json\/wp\/v2\/media\/33155"}],"wp:attachment":[{"href":"https:\/\/www.atta45.se\/e-butik\/wp-json\/wp\/v2\/media?parent=33154"}],"wp:term":[{"taxonomy":"product_brand","embeddable":true,"href":"https:\/\/www.atta45.se\/e-butik\/wp-json\/wp\/v2\/product_brand?post=33154"},{"taxonomy":"product_cat","embeddable":true,"href":"https:\/\/www.atta45.se\/e-butik\/wp-json\/wp\/v2\/product_cat?post=33154"},{"taxonomy":"product_tag","embeddable":true,"href":"https:\/\/www.atta45.se\/e-butik\/wp-json\/wp\/v2\/product_tag?post=33154"}],"curies":[{"name":"wp","href":"https:\/\/api.w.org\/{rel}","templated":true}]}}