{"id":3315,"date":"2020-01-13T13:26:21","date_gmt":"2020-01-13T12:26:21","guid":{"rendered":"https:\/\/flipptryck.a-demo.se\/?post_type=product&#038;p=3315"},"modified":"2025-12-12T15:15:13","modified_gmt":"2025-12-12T14:15:13","slug":"massvagg","status":"publish","type":"product","link":"https:\/\/www.atta45.se\/e-butik\/produkt\/massvagg\/","title":{"rendered":"M\u00e4ssv\u00e4gg"},"content":{"rendered":"","protected":false},"excerpt":{"rendered":"<p>M\u00e4ssv\u00e4gg med gavel. Med v\u00e5r Soft Image f\u00e5r du en flera meter stor textilv\u00e4gg som du enkelt f\u00e4ller upp p\u00e5 bara n\u00e5gra sekunder. Tygbilden f\u00f6rvaras och transporteras f\u00e4rdigmonterad p\u00e5 st\u00e4llningen. St\u00e4llningen \u00e4r tillverkad av h\u00f6gkvalitativ aluminium med starka sax-l\u00e4nkar som skapar en styv och stark konstruktion. Systemets l\u00e5ga totalvikt g\u00f6r det smidigt att montera upp och enkelt att flytta.<\/p>\n<p>Portabel textilv\u00e4gg med sublimeringstryckt textilprint. Mycket smidig att montera och transportera. Finns i ett antal olika storlekar och kan ocks\u00e5 m\u00e5ttbest\u00e4llas. En komplett Soft Image 3&#215;3 f\u00e4lls enkelt ihop och f\u00e5r plats i en Multibag. Den printade textilen ar skrynkelt\u00e5lig och beh\u00f6ver inte demonteras. Tillbeh\u00f6r som spotlights, st\u00f6df\u00f6tter och transportv\u00e4ska Multibag finns till Soft Image M\u00e4ssv\u00e4gg.<\/p>\n<p>OBS: Vi kan endast ta emot en fil per produkt. Om ni vill ladda upp fler tryckoriginal, s\u00e5 skapa en mapp som ni l\u00e4gger filerna i. Sedan komprimerar ni mappen. Vi tar emot komprimerade format s\u00e5som: zip, rar, gz och 7z.<\/p>\n","protected":false},"featured_media":4193,"template":"","meta":{"_acf_changed":false,"_seopress_robots_primary_cat":"none","_seopress_titles_title":"Best\u00e4ll Soft Image M\u00e4ssv\u00e4gg till din m\u00e4ssa | \u00c5tta.45 Tryckeri","_seopress_titles_desc":"Kommunicera tydligt med hj\u00e4lp av en Soft Image M\u00e4ssv\u00e4gg. M\u00e4ssv\u00e4ggen s\u00e4tts enkelt upp p\u00e5 n\u00e5gra minuter. Just nu har vi bra erbjudanden p\u00e5 trycksaker till din m\u00e4ssa.","_seopress_robots_index":""},"product_brand":[],"product_cat":[15,111],"product_tag":[],"class_list":{"0":"post-3315","1":"product","2":"type-product","3":"status-publish","4":"has-post-thumbnail","6":"product_cat-okategoriserad","7":"product_cat-massa","9":"first","10":"instock","11":"taxable","12":"shipping-taxable","13":"purchasable","14":"product-type-variable","15":"has-default-attributes"},"acf":[],"_links":{"self":[{"href":"https:\/\/www.atta45.se\/e-butik\/wp-json\/wp\/v2\/product\/3315","targetHints":{"allow":["GET"]}}],"collection":[{"href":"https:\/\/www.atta45.se\/e-butik\/wp-json\/wp\/v2\/product"}],"about":[{"href":"https:\/\/www.atta45.se\/e-butik\/wp-json\/wp\/v2\/types\/product"}],"wp:featuredmedia":[{"embeddable":true,"href":"https:\/\/www.atta45.se\/e-butik\/wp-json\/wp\/v2\/media\/4193"}],"wp:attachment":[{"href":"https:\/\/www.atta45.se\/e-butik\/wp-json\/wp\/v2\/media?parent=3315"}],"wp:term":[{"taxonomy":"product_brand","embeddable":true,"href":"https:\/\/www.atta45.se\/e-butik\/wp-json\/wp\/v2\/product_brand?post=3315"},{"taxonomy":"product_cat","embeddable":true,"href":"https:\/\/www.atta45.se\/e-butik\/wp-json\/wp\/v2\/product_cat?post=3315"},{"taxonomy":"product_tag","embeddable":true,"href":"https:\/\/www.atta45.se\/e-butik\/wp-json\/wp\/v2\/product_tag?post=3315"}],"curies":[{"name":"wp","href":"https:\/\/api.w.org\/{rel}","templated":true}]}}