{"id":33136,"date":"2024-12-26T17:25:56","date_gmt":"2024-12-26T16:25:56","guid":{"rendered":"https:\/\/www.atta45.se\/e-butik\/?post_type=product&#038;p=33136"},"modified":"2025-10-27T22:59:20","modified_gmt":"2025-10-27T21:59:20","slug":"termos-i-rostfritt-stal-450-ml-med-led-display-fatima","status":"publish","type":"product","link":"https:\/\/www.atta45.se\/e-butik\/produkt\/termos-i-rostfritt-stal-450-ml-med-led-display-fatima\/","title":{"rendered":"Termos i rostfritt st\u00e5l (450 ml) med LED display Fatima"},"content":{"rendered":"<p>Termosflaska i rostfritt st\u00e5l (450 ml), dubbelv\u00e4gg, med te-infusionsglas i rostfritt st\u00e5l och LED-display p\u00e5 toppen av locket som visar temperaturen i inneh\u00e5llet. Temperaturen visas n\u00e4r man trycker p\u00e5 LED-displayen.<\/p>\n","protected":false},"excerpt":{"rendered":"<p>Termosflaska i rostfritt st\u00e5l (450 ml), dubbelv\u00e4gg, med te-infusionsglas i rostfritt st\u00e5l och LED-display p\u00e5 toppen av locket som visar temperaturen i inneh\u00e5llet. Temperaturen visas n\u00e4r man trycker p\u00e5 LED-displayen.<\/p>\n","protected":false},"featured_media":33137,"template":"","meta":{"_acf_changed":false,"_seopress_robots_primary_cat":"","_seopress_titles_title":"","_seopress_titles_desc":"","_seopress_robots_index":""},"product_brand":[],"product_cat":[15],"product_tag":[],"class_list":{"0":"post-33136","1":"product","2":"type-product","3":"status-publish","4":"has-post-thumbnail","6":"product_cat-okategoriserad","7":"atta45_taxonomy-flaskor-sv","8":"atta45_taxonomy-tema-inspiration-speciella-trycktekniker-name-it-sv","9":"atta45_taxonomy-tema-inspiration-sv","10":"atta45_taxonomy-hem-hushall-termos-sv","11":"atta45_taxonomy-fritid-termos-sv","12":"atta45_taxonomy-fritid-vattenflaskor-sv","13":"atta45_taxonomy-tema-inspiration-ogonblick-vinterlandskap-sv","15":"first","16":"instock","17":"taxable","18":"shipping-taxable","19":"purchasable","20":"product-type-variable"},"acf":[],"_links":{"self":[{"href":"https:\/\/www.atta45.se\/e-butik\/wp-json\/wp\/v2\/product\/33136","targetHints":{"allow":["GET"]}}],"collection":[{"href":"https:\/\/www.atta45.se\/e-butik\/wp-json\/wp\/v2\/product"}],"about":[{"href":"https:\/\/www.atta45.se\/e-butik\/wp-json\/wp\/v2\/types\/product"}],"wp:featuredmedia":[{"embeddable":true,"href":"https:\/\/www.atta45.se\/e-butik\/wp-json\/wp\/v2\/media\/33137"}],"wp:attachment":[{"href":"https:\/\/www.atta45.se\/e-butik\/wp-json\/wp\/v2\/media?parent=33136"}],"wp:term":[{"taxonomy":"product_brand","embeddable":true,"href":"https:\/\/www.atta45.se\/e-butik\/wp-json\/wp\/v2\/product_brand?post=33136"},{"taxonomy":"product_cat","embeddable":true,"href":"https:\/\/www.atta45.se\/e-butik\/wp-json\/wp\/v2\/product_cat?post=33136"},{"taxonomy":"product_tag","embeddable":true,"href":"https:\/\/www.atta45.se\/e-butik\/wp-json\/wp\/v2\/product_tag?post=33136"}],"curies":[{"name":"wp","href":"https:\/\/api.w.org\/{rel}","templated":true}]}}