{"id":331301,"date":"2025-04-18T10:36:14","date_gmt":"2025-04-18T08:36:14","guid":{"rendered":"https:\/\/www.atta45.se\/e-butik\/produkt\/octave-men-mens-jersey-polo-shirt\/"},"modified":"2025-10-28T01:53:31","modified_gmt":"2025-10-28T00:53:31","slug":"octave-men-mens-jersey-polo-shirt","status":"publish","type":"product","link":"https:\/\/www.atta45.se\/e-butik\/produkt\/octave-men-mens-jersey-polo-shirt\/","title":{"rendered":"Pik\u00e9tr\u00f6ja &#8211; Herrtr\u00f6ja Octave Men"},"content":{"rendered":"<p>MEN&#8217;S JERSEY POLO SHIRT (OCTAVE MEN)<\/p>\n<p>A classic piece of clothing revisited in an eco-friendly version, this short sleeve polo shirt is made of 100% organic cotton. Elegance meets sustainability and respect for the planet.<\/p>\n<p>100% organic cotton<br \/>Short sleeves<br \/>3-button placket<br \/>Tone-on-tone buttons<br \/>Jersey collar<br \/>JERSEY 120 WITH CARBON FINISH<br \/>Available in: S &#8211; 4XL<\/p>\n","protected":false},"excerpt":{"rendered":"<p>MEN&#8217;S JERSEY POLO SHIRT (OCTAVE MEN) A classic piece of clothing revisited in an eco-friendly version, this short sleeve polo shirt is made of 100% organic cotton. Elegance meets sustainability and respect for the planet. 100% organic cottonShort sleeves3-button placketTone-on-tone buttonsJersey collarJERSEY 120 WITH CARBON FINISHAvailable in: S &#8211; 4XL<\/p>\n","protected":false},"featured_media":331363,"template":"","meta":{"_acf_changed":false,"_seopress_robots_primary_cat":"","_seopress_titles_title":"","_seopress_titles_desc":"","_seopress_robots_index":""},"product_brand":[],"product_cat":[15],"product_tag":[],"class_list":{"0":"post-331301","1":"product","2":"type-product","3":"status-publish","4":"has-post-thumbnail","6":"product_cat-okategoriserad","7":"atta45_taxonomy-textil-organiskt-sv","8":"atta45_taxonomy-textil-piketrojor-tennistrojor-sv","10":"first","11":"instock","12":"taxable","13":"shipping-taxable","14":"purchasable","15":"product-type-variable"},"acf":[],"_links":{"self":[{"href":"https:\/\/www.atta45.se\/e-butik\/wp-json\/wp\/v2\/product\/331301","targetHints":{"allow":["GET"]}}],"collection":[{"href":"https:\/\/www.atta45.se\/e-butik\/wp-json\/wp\/v2\/product"}],"about":[{"href":"https:\/\/www.atta45.se\/e-butik\/wp-json\/wp\/v2\/types\/product"}],"wp:featuredmedia":[{"embeddable":true,"href":"https:\/\/www.atta45.se\/e-butik\/wp-json\/wp\/v2\/media\/331363"}],"wp:attachment":[{"href":"https:\/\/www.atta45.se\/e-butik\/wp-json\/wp\/v2\/media?parent=331301"}],"wp:term":[{"taxonomy":"product_brand","embeddable":true,"href":"https:\/\/www.atta45.se\/e-butik\/wp-json\/wp\/v2\/product_brand?post=331301"},{"taxonomy":"product_cat","embeddable":true,"href":"https:\/\/www.atta45.se\/e-butik\/wp-json\/wp\/v2\/product_cat?post=331301"},{"taxonomy":"product_tag","embeddable":true,"href":"https:\/\/www.atta45.se\/e-butik\/wp-json\/wp\/v2\/product_tag?post=331301"}],"curies":[{"name":"wp","href":"https:\/\/api.w.org\/{rel}","templated":true}]}}