{"id":3313,"date":"2020-01-13T13:22:06","date_gmt":"2020-01-13T12:22:06","guid":{"rendered":"https:\/\/flipptryck.a-demo.se\/?post_type=product&#038;p=3313"},"modified":"2025-12-12T15:15:56","modified_gmt":"2025-12-12T14:15:56","slug":"golv","status":"publish","type":"product","link":"https:\/\/www.atta45.se\/e-butik\/produkt\/golv\/","title":{"rendered":"Golv"},"content":{"rendered":"","protected":false},"excerpt":{"rendered":"<p>V\u00e4lj en dekorf\u00e4rg, ett m\u00f6nster eller varf\u00f6r inte en bild. L\u00e5t dina bes\u00f6kare sv\u00e4va p\u00e5 din dekorerade golvyta. Golvet kommer att ge h\u00f6g wow-faktor och lyfta utseendet p\u00e5 din monter.<\/p>\n<p>Golvskivorna \u00e4r 1 kvm stora, dvs 100&#215;100 cm. Detta f\u00f6r att du ska kunna l\u00e4gga ett golv som passar de flesta olika typer av m\u00e4ssmontrar. Golvet v\u00e4ger l\u00e4tt och det g\u00e5r snabbt att l\u00e4gga. F\u00f6r att h\u00e5lla det p\u00e5 plats s\u00e5 f\u00e4ster du det enklast med lite dubbelh\u00e4ftande tejp. Golvet \u00e4r gjort av Forex som \u00e4r ett slitstarkt material och skyddas mot slitage av ett golvlaminat.<\/p>\n<p>&nbsp;<\/p>\n","protected":false},"featured_media":4192,"template":"","meta":{"_acf_changed":false,"_seopress_robots_primary_cat":"none","_seopress_titles_title":"Tryck ditt eget golv till m\u00e4ssan | \u00c5tta.45 Tryckeri","_seopress_titles_desc":"St\u00e5 stadigt p\u00e5 ditt profilerade golv. Skapa uppm\u00e4rksamhet p\u00e5 ett effektfullt s\u00e4tt: l\u00e5t oss tillverka ett golv som sticker ut! Lyft din monter till nya h\u00f6jder.","_seopress_robots_index":""},"product_brand":[],"product_cat":[15,111],"product_tag":[],"class_list":{"0":"post-3313","1":"product","2":"type-product","3":"status-publish","4":"has-post-thumbnail","6":"product_cat-okategoriserad","7":"product_cat-massa","9":"first","10":"instock","11":"taxable","12":"shipping-taxable","13":"purchasable","14":"product-type-variable","15":"has-default-attributes"},"acf":[],"_links":{"self":[{"href":"https:\/\/www.atta45.se\/e-butik\/wp-json\/wp\/v2\/product\/3313","targetHints":{"allow":["GET"]}}],"collection":[{"href":"https:\/\/www.atta45.se\/e-butik\/wp-json\/wp\/v2\/product"}],"about":[{"href":"https:\/\/www.atta45.se\/e-butik\/wp-json\/wp\/v2\/types\/product"}],"wp:featuredmedia":[{"embeddable":true,"href":"https:\/\/www.atta45.se\/e-butik\/wp-json\/wp\/v2\/media\/4192"}],"wp:attachment":[{"href":"https:\/\/www.atta45.se\/e-butik\/wp-json\/wp\/v2\/media?parent=3313"}],"wp:term":[{"taxonomy":"product_brand","embeddable":true,"href":"https:\/\/www.atta45.se\/e-butik\/wp-json\/wp\/v2\/product_brand?post=3313"},{"taxonomy":"product_cat","embeddable":true,"href":"https:\/\/www.atta45.se\/e-butik\/wp-json\/wp\/v2\/product_cat?post=3313"},{"taxonomy":"product_tag","embeddable":true,"href":"https:\/\/www.atta45.se\/e-butik\/wp-json\/wp\/v2\/product_tag?post=3313"}],"curies":[{"name":"wp","href":"https:\/\/api.w.org\/{rel}","templated":true}]}}