{"id":33118,"date":"2024-12-26T17:25:49","date_gmt":"2024-12-26T16:25:49","guid":{"rendered":"https:\/\/www.atta45.se\/e-butik\/?post_type=product&#038;p=33118"},"modified":"2025-10-27T22:58:09","modified_gmt":"2025-10-27T21:58:09","slug":"proteinshaker-700-ml","status":"publish","type":"product","link":"https:\/\/www.atta45.se\/e-butik\/produkt\/proteinshaker-700-ml\/","title":{"rendered":"Proteinshaker (700 ml)"},"content":{"rendered":"<p>Proteinshaker i plast med sil och f\u00e4rgat lock. M\u00e4rkt med milliliter-skala p\u00e5 ena sidan och Oz-skala p\u00e5 andra. Rymmer 700 ml.<\/p>\n","protected":false},"excerpt":{"rendered":"<p>Proteinshaker i plast med sil och f\u00e4rgat lock. M\u00e4rkt med milliliter-skala p\u00e5 ena sidan och Oz-skala p\u00e5 andra. Rymmer 700 ml.<\/p>\n","protected":false},"featured_media":33119,"template":"","meta":{"_acf_changed":false,"_seopress_robots_primary_cat":"","_seopress_titles_title":"","_seopress_titles_desc":"","_seopress_robots_index":""},"product_brand":[],"product_cat":[15],"product_tag":[],"class_list":{"0":"post-33118","1":"product","2":"type-product","3":"status-publish","4":"has-post-thumbnail","6":"product_cat-okategoriserad","7":"atta45_taxonomy-flaskor-sv","8":"atta45_taxonomy-fritid-sv","9":"atta45_taxonomy-tema-inspiration-ogonblick-pa-vagen-sv","10":"atta45_taxonomy-fritid-sportartiklar-sv","11":"atta45_taxonomy-tema-inspiration-sv","12":"atta45_taxonomy-fritid-vattenflaskor-sv","14":"first","15":"instock","16":"taxable","17":"shipping-taxable","18":"purchasable","19":"product-type-variable"},"acf":[],"_links":{"self":[{"href":"https:\/\/www.atta45.se\/e-butik\/wp-json\/wp\/v2\/product\/33118","targetHints":{"allow":["GET"]}}],"collection":[{"href":"https:\/\/www.atta45.se\/e-butik\/wp-json\/wp\/v2\/product"}],"about":[{"href":"https:\/\/www.atta45.se\/e-butik\/wp-json\/wp\/v2\/types\/product"}],"wp:featuredmedia":[{"embeddable":true,"href":"https:\/\/www.atta45.se\/e-butik\/wp-json\/wp\/v2\/media\/33119"}],"wp:attachment":[{"href":"https:\/\/www.atta45.se\/e-butik\/wp-json\/wp\/v2\/media?parent=33118"}],"wp:term":[{"taxonomy":"product_brand","embeddable":true,"href":"https:\/\/www.atta45.se\/e-butik\/wp-json\/wp\/v2\/product_brand?post=33118"},{"taxonomy":"product_cat","embeddable":true,"href":"https:\/\/www.atta45.se\/e-butik\/wp-json\/wp\/v2\/product_cat?post=33118"},{"taxonomy":"product_tag","embeddable":true,"href":"https:\/\/www.atta45.se\/e-butik\/wp-json\/wp\/v2\/product_tag?post=33118"}],"curies":[{"name":"wp","href":"https:\/\/api.w.org\/{rel}","templated":true}]}}