{"id":3311,"date":"2020-01-13T13:20:08","date_gmt":"2020-01-13T12:20:08","guid":{"rendered":"https:\/\/flipptryck.a-demo.se\/?post_type=product&#038;p=3311"},"modified":"2025-12-12T15:16:04","modified_gmt":"2025-12-12T14:16:04","slug":"beachsign","status":"publish","type":"product","link":"https:\/\/www.atta45.se\/e-butik\/produkt\/beachsign\/","title":{"rendered":"Beachsign"},"content":{"rendered":"","protected":false},"excerpt":{"rendered":"<p>Smidiga beachsigns med fullf\u00e4rgsprint f\u00f6r event utom- &amp; inomhus. Materialet \u00e4r transparent och en beachsign har str\u00e4ckt duk oavsett vind. Vid text p\u00e5 beachsigns rekommenderas stor text med f\u00e5 ord som man ocks\u00e5 kan tyda spegelv\u00e4nt. Tryckprocessen \u00e4r vattenbaserad, milj\u00f6v\u00e4nlig och t\u00e5l maskintv\u00e4tt. Materialet \u00e4r slitstarkt och textilen t\u00e5l omild behandling.<\/p>\n<p>V\u00e4lj mellan tre olika storlekar: Beachsign 200 cm, Beachsign 290 cm eller Beachsign 370 cm. En Beachsign monteras p\u00e5 n\u00e5gon minut. Levereras tillsammans med kryssfot f\u00f6r inomhusbruk och vattenb\u00e4lg f\u00f6r mer stabilitet. Samtliga levereras i en transportv\u00e4ska (125 cm).<\/p>\n<p>&nbsp;<\/p>\n","protected":false},"featured_media":4191,"template":"","meta":{"_acf_changed":false,"_seopress_robots_primary_cat":"none","_seopress_titles_title":"Beachsign ute eller inomhus till bra pris | \u00c5tta.45 Tryckeri","_seopress_titles_desc":"En beachsign visar din logotype vid evenemang ute som inne. Beachsigns bygger varum\u00e4rke i butik och p\u00e5 m\u00e4ssor. Vi trycker Beachsigns i alla storlekar!","_seopress_robots_index":""},"product_brand":[],"product_cat":[15,111],"product_tag":[],"class_list":{"0":"post-3311","1":"product","2":"type-product","3":"status-publish","4":"has-post-thumbnail","6":"product_cat-okategoriserad","7":"product_cat-massa","9":"first","10":"instock","11":"taxable","12":"shipping-taxable","13":"purchasable","14":"product-type-variable","15":"has-default-attributes"},"acf":[],"_links":{"self":[{"href":"https:\/\/www.atta45.se\/e-butik\/wp-json\/wp\/v2\/product\/3311","targetHints":{"allow":["GET"]}}],"collection":[{"href":"https:\/\/www.atta45.se\/e-butik\/wp-json\/wp\/v2\/product"}],"about":[{"href":"https:\/\/www.atta45.se\/e-butik\/wp-json\/wp\/v2\/types\/product"}],"wp:featuredmedia":[{"embeddable":true,"href":"https:\/\/www.atta45.se\/e-butik\/wp-json\/wp\/v2\/media\/4191"}],"wp:attachment":[{"href":"https:\/\/www.atta45.se\/e-butik\/wp-json\/wp\/v2\/media?parent=3311"}],"wp:term":[{"taxonomy":"product_brand","embeddable":true,"href":"https:\/\/www.atta45.se\/e-butik\/wp-json\/wp\/v2\/product_brand?post=3311"},{"taxonomy":"product_cat","embeddable":true,"href":"https:\/\/www.atta45.se\/e-butik\/wp-json\/wp\/v2\/product_cat?post=3311"},{"taxonomy":"product_tag","embeddable":true,"href":"https:\/\/www.atta45.se\/e-butik\/wp-json\/wp\/v2\/product_tag?post=3311"}],"curies":[{"name":"wp","href":"https:\/\/api.w.org\/{rel}","templated":true}]}}