{"id":3309,"date":"2020-01-13T13:17:55","date_gmt":"2020-01-13T12:17:55","guid":{"rendered":"https:\/\/flipptryck.a-demo.se\/?post_type=product&#038;p=3309"},"modified":"2025-12-12T15:16:13","modified_gmt":"2025-12-12T14:16:13","slug":"beachflagga","status":"publish","type":"product","link":"https:\/\/www.atta45.se\/e-butik\/produkt\/beachflagga\/","title":{"rendered":"Beachflagga"},"content":{"rendered":"","protected":false},"excerpt":{"rendered":"<h1>Best\u00e4lla beachflagga med eget tryck<\/h1>\n<p>Beachflaggor med tryck \u00e4r ett trevligt och v\u00e4lkomnande s\u00e4tt att exponera sitt varum\u00e4rke. En beachflagga \u00e4r perfekt till utomhusevenemang men funkar lika bra inomhus vid till exempel m\u00e4ssor.<\/p>\n<p>Beachflaggor \u00e4r oerh\u00f6rt smidiga och kan monteras och demonteras p\u00e5 n\u00e5gon minut. Vi p\u00e5 \u00c5tta45 har gedigen kompetens n\u00e4r det g\u00e4ller att producera snygga beachflaggor med h\u00f6gkvalitativt tryck.<\/p>\n<p>Har du fr\u00e5gor? Du n\u00e5r oss snabbt via chattfunktionen l\u00e4ngst ner till h\u00f6ger p\u00e5 den h\u00e4r sidan. V\u00e5r e-handel inneh\u00e5ller en m\u00e4ngd produktsidor. Om du inte hittar det du s\u00f6ker kan du enkelt beg\u00e4ra en offert via knappen nedan. Vi svarar snabbt och ger dig den support du beh\u00f6ver.<\/p>\n<p><a href=\"https:\/\/www.atta45.se\/e-butik\/offert\/\"><strong>Jag vill ha en offert<\/strong><\/a><\/p>\n<h2>Beachflagga f\u00f6r inomhus- eller utomhusbruk<\/h2>\n<p>En flagga med tryck kan bygga ditt varum\u00e4rke och sprida ditt budskap till m\u00e5nga m\u00e4nniskor p\u00e5 kort tid. Du kan v\u00e4lja mellan olika storlekar efter de behov du har.<\/p>\n<p>En beachflagga kan anv\u00e4ndas b\u00e5de utomhus och inomhus. Materialet \u00e4r transparent s\u00e5 anv\u00e4nd g\u00e4rna bilder och symboler som enkelt uppfattas spegelv\u00e4nda.<\/p>\n<p>Vi levererar beachflaggan med kryssfot f\u00f6r inomhusbruk och med vattenb\u00e4lg f\u00f6r utomhusbruk. B\u00e5da varianterna levereras i en beh\u00e4ndig transportv\u00e4ska.<\/p>\n<h2>G\u00f6r ditt budskap synligt<\/h2>\n<p>En beachflagga syns p\u00e5 l\u00e5ngt avst\u00e5nd och g\u00f6r att ditt budskap kan ses av m\u00e5nga. Men ett tips: F\u00f6rs\u00f6k att skala ner ditt budskap till det allra v\u00e4sentligaste, s\u00e5 att du kan anv\u00e4nda ett typsnitt som \u00e4r tillr\u00e4ckligt stort f\u00f6r att det ska synas p\u00e5 h\u00e5ll. Det optimala \u00e4r om man \u00e4ven kan l\u00e4sa texten spegelv\u00e4nt.<\/p>\n<p>Trycket \u00e4r vattenbaserat, milj\u00f6v\u00e4nligt och t\u00e5l maskintv\u00e4tt. Materialet \u00e4r f\u00f6rh\u00e5llandevis slitstarkt men \u00e4r inte gjort f\u00f6r l\u00e4ngre perioder av h\u00e5rdare vind.<\/p>\n<h2>Din beachflagga ska h\u00e5lla h\u00f6gsta kvalitet<\/h2>\n<p>Vi p\u00e5 \u00c5tta45 har som motto att alltid leverera h\u00f6gsta kvalitet. V\u00e5rt tryckeri i Stockholm \u00e4r Skandinaviens modernaste och har kapacitet att tillgodose alla dina \u00f6nskem\u00e5l.<\/p>\n<p>V\u00e5rt CGP-certifikat, grafiska branschens kvalitetscertifiering, ger dig en garanti att din trycksak, oavsett om det \u00e4r en omfattande broschyr, en flyer eller en beachflagga, h\u00e5ller h\u00f6gsta kvalitet.<\/p>\n<p>Vi vill ocks\u00e5 att du som kund ska k\u00e4nna dig omh\u00e4ndertagen genom hela best\u00e4llningsprocessen, fr\u00e5n din f\u00f6rsta kontakt med oss till den dag du f\u00e5r din leverans.<\/p>\n<h2>Vi klimatkompenserar din beachflagga<\/h2>\n<p>Allt det vi producerar p\u00e5 \u00c5tta45 Tryckeri \u00e4r milj\u00f6v\u00e4nligt och har h\u00f6g \u00e5tervinningsgrad. Vi \u00e4r det f\u00f6rsta tryckeriet i Sverige som fick licens f\u00f6r Svanen. Vi f\u00f6rser dig g\u00e4rna med v\u00e5r Svanen-logotyp om du vill m\u00e4rka dina trycksaker med Svanen.<\/p>\n<p>Allt som du best\u00e4ller h\u00e4r i e-butiken \u00e4r dessutom klimatkompenserat, tack vare v\u00e5rt samarbete med South Pole, en av v\u00e4rldens ledande utvecklare av klimatprojekt. Vill du m\u00e4rka trycksaken s\u00e5 att dina kunder ser att den \u00e4r milj\u00f6v\u00e4nlig? Inga problem, vi kan f\u00f6rse din trycksak med en ClimateCalc-logotyp med QR-kod som visar att den \u00e4r klimatkompenserad.<\/p>\n<p>&nbsp;<\/p>\n","protected":false},"featured_media":11632,"template":"","meta":{"_acf_changed":false,"_seopress_robots_primary_cat":"none","_seopress_titles_title":"Beachflaggor inne och ute - alltid bra pris | \u00c5tta.45 Tryckeri","_seopress_titles_desc":"En beachflagga \u00e4r perfekt till evenemang ute som inne. Flaggor st\u00e4rker ditt varum\u00e4rke p\u00e5 m\u00e4ssor, i butiker och vid restauranger. Vi trycker din Beachflagga!","_seopress_robots_index":""},"product_brand":[],"product_cat":[15,111],"product_tag":[],"class_list":{"0":"post-3309","1":"product","2":"type-product","3":"status-publish","4":"has-post-thumbnail","6":"product_cat-okategoriserad","7":"product_cat-massa","9":"first","10":"instock","11":"taxable","12":"shipping-taxable","13":"purchasable","14":"product-type-variable","15":"has-default-attributes"},"acf":[],"_links":{"self":[{"href":"https:\/\/www.atta45.se\/e-butik\/wp-json\/wp\/v2\/product\/3309","targetHints":{"allow":["GET"]}}],"collection":[{"href":"https:\/\/www.atta45.se\/e-butik\/wp-json\/wp\/v2\/product"}],"about":[{"href":"https:\/\/www.atta45.se\/e-butik\/wp-json\/wp\/v2\/types\/product"}],"wp:featuredmedia":[{"embeddable":true,"href":"https:\/\/www.atta45.se\/e-butik\/wp-json\/wp\/v2\/media\/11632"}],"wp:attachment":[{"href":"https:\/\/www.atta45.se\/e-butik\/wp-json\/wp\/v2\/media?parent=3309"}],"wp:term":[{"taxonomy":"product_brand","embeddable":true,"href":"https:\/\/www.atta45.se\/e-butik\/wp-json\/wp\/v2\/product_brand?post=3309"},{"taxonomy":"product_cat","embeddable":true,"href":"https:\/\/www.atta45.se\/e-butik\/wp-json\/wp\/v2\/product_cat?post=3309"},{"taxonomy":"product_tag","embeddable":true,"href":"https:\/\/www.atta45.se\/e-butik\/wp-json\/wp\/v2\/product_tag?post=3309"}],"curies":[{"name":"wp","href":"https:\/\/api.w.org\/{rel}","templated":true}]}}