{"id":33036,"date":"2024-12-26T17:25:17","date_gmt":"2024-12-26T16:25:17","guid":{"rendered":"https:\/\/www.atta45.se\/e-butik\/?post_type=product&#038;p=33036"},"modified":"2025-10-27T22:26:22","modified_gmt":"2025-10-27T21:26:22","slug":"mugg-i-stengods-med-krita-300-ml","status":"publish","type":"product","link":"https:\/\/www.atta45.se\/e-butik\/produkt\/mugg-i-stengods-med-krita-300-ml\/","title":{"rendered":"Mugg i stengods med krita (300 ml),Claude"},"content":{"rendered":"<p>Kaffemugg i stengods (300 ml) med behandlad svart yta som g\u00e5r att skriva p\u00e5 med krita (medf\u00f6ljer). S\u00e4ljs i poster om 36 st. Pris per styck.<\/p>\n","protected":false},"excerpt":{"rendered":"<p>Kaffemugg i stengods (300 ml) med behandlad svart yta som g\u00e5r att skriva p\u00e5 med krita (medf\u00f6ljer). S\u00e4ljs i poster om 36 st. Pris per styck.<\/p>\n","protected":false},"featured_media":33037,"template":"","meta":{"_acf_changed":false,"_seopress_robots_primary_cat":"","_seopress_titles_title":"","_seopress_titles_desc":"","_seopress_robots_index":""},"product_brand":[],"product_cat":[15],"product_tag":[],"class_list":{"0":"post-33036","1":"product","2":"type-product","3":"status-publish","4":"has-post-thumbnail","6":"product_cat-okategoriserad","7":"atta45_taxonomy-tema-inspiration-branscher-sv","8":"atta45_taxonomy-flaskor-sv","9":"atta45_taxonomy-tema-inspiration-ogonblick-kontorsliv-sv","10":"atta45_taxonomy-hem-hushall-koppar-sv","11":"atta45_taxonomy-muggar-koppar-sv","12":"atta45_taxonomy-hem-hushall-muggar-sv","13":"atta45_taxonomy-muggar-muggar-sv","14":"atta45_taxonomy-fritid-muggar-koppar-sv","15":"atta45_taxonomy-tema-inspiration-sv","16":"atta45_taxonomy-tema-inspiration-branscher-utbildning-sv","17":"atta45_taxonomy-fritid-vattenflaskor-sv","19":"first","20":"instock","21":"taxable","22":"shipping-taxable","23":"purchasable","24":"product-type-variable"},"acf":[],"_links":{"self":[{"href":"https:\/\/www.atta45.se\/e-butik\/wp-json\/wp\/v2\/product\/33036","targetHints":{"allow":["GET"]}}],"collection":[{"href":"https:\/\/www.atta45.se\/e-butik\/wp-json\/wp\/v2\/product"}],"about":[{"href":"https:\/\/www.atta45.se\/e-butik\/wp-json\/wp\/v2\/types\/product"}],"wp:featuredmedia":[{"embeddable":true,"href":"https:\/\/www.atta45.se\/e-butik\/wp-json\/wp\/v2\/media\/33037"}],"wp:attachment":[{"href":"https:\/\/www.atta45.se\/e-butik\/wp-json\/wp\/v2\/media?parent=33036"}],"wp:term":[{"taxonomy":"product_brand","embeddable":true,"href":"https:\/\/www.atta45.se\/e-butik\/wp-json\/wp\/v2\/product_brand?post=33036"},{"taxonomy":"product_cat","embeddable":true,"href":"https:\/\/www.atta45.se\/e-butik\/wp-json\/wp\/v2\/product_cat?post=33036"},{"taxonomy":"product_tag","embeddable":true,"href":"https:\/\/www.atta45.se\/e-butik\/wp-json\/wp\/v2\/product_tag?post=33036"}],"curies":[{"name":"wp","href":"https:\/\/api.w.org\/{rel}","templated":true}]}}